{"id":25375,"date":"2016-12-19T09:50:04","date_gmt":"2016-12-19T06:50:04","guid":{"rendered":"https:\/\/geeksvalley.com\/product\/digital-pen-multimeter\/"},"modified":"2022-02-25T00:00:04","modified_gmt":"2022-02-24T21:00:04","slug":"digital-pen-multimeter","status":"publish","type":"product","link":"https:\/\/geeksvalley.com\/en\/product\/digital-pen-multimeter\/","title":{"rendered":"Digital Pen Multimeter"},"content":{"rendered":"<p>Perform measurements of AC\/DC voltage and current, resistance, diode, continuity and logic test.<\/p>\n<p><strong>Features:<\/strong><\/p>\n<ul>\n<li>The meter has both manual range and auto range switching.<\/li>\n<li>Various accessories and pen-type for one-hand operation.<\/li>\n<li>LED indicator at logic test range.<\/li>\n<li>Retractable tip for safe storage.<\/li>\n<li>Data holding and maximum value measuring and holding.<\/li>\n<li>With handsome LCD and automatic indication of functions and unit symbols.<\/li>\n<li>Auto power off and low battery indication.<\/li>\n<li>Built-in resettable fuse.<\/li>\n<li>Full overload protection and dual insulation protection.<\/li>\n<li>Over-molding rubber case, shake-proof, skid-proof and good touch-feeling.<\/li>\n<li>Manual \/ automatic range conversion<\/li>\n<li>DC voltage:\u00a0 600V \u00b1 0.7%<\/li>\n<li>AC voltage:\u00a0 600V \u00b1 0.8%<\/li>\n<li>DC current:\u00a0 200mA soil 1.5%<\/li>\n<li>AC current:\u00a0 200 mA soil 2.0%<\/li>\n<li>Power supply: 1.5V (a) \u00d7 2 size: 208 \u00d7 38 \u00d7 29mm<\/li>\n<li>Weight: About 110g (<strong>including battery<\/strong>)<\/li>\n<\/ul>\n","protected":false},"excerpt":{"rendered":"<p>It can measure AC\/DC Voltage, Resistance, Diode and Continuity test<\/p>\n","protected":false},"featured_media":25376,"comment_status":"closed","ping_status":"closed","template":"","meta":{"_acf_changed":false,"_bbp_topic_count":0,"_bbp_reply_count":0,"_bbp_total_topic_count":0,"_bbp_total_reply_count":0,"_bbp_voice_count":0,"_bbp_anonymous_reply_count":0,"_bbp_topic_count_hidden":0,"_bbp_reply_count_hidden":0,"_bbp_forum_subforum_count":0},"product_brand":[],"product_cat":[13525],"product_tag":[],"class_list":{"0":"post-25375","1":"product","2":"type-product","3":"status-publish","4":"has-post-thumbnail","6":"product_cat-electronic-tools","7":"wri_manual_relationships-man_rel-4759-36037","8":"wri_manual_relationships-man_rel-4759-8969","10":"first","11":"instock","12":"taxable","13":"shipping-taxable","14":"purchasable","15":"product-type-simple"},"acf":[],"yoast_head":"<!-- This site is optimized with the Yoast SEO Premium plugin v20.9 (Yoast SEO v27.5) - https:\/\/yoast.com\/product\/yoast-seo-premium-wordpress\/ -->\n<title>Digital Pen Multimeter | GeeksValley<\/title>\n<meta name=\"description\" content=\"It can measure AC\/DC Voltage, Resistance, Diode and Continuity test Digital Pen Multimeter GeeksValley\" \/>\n<meta name=\"robots\" content=\"index, follow, max-snippet:-1, max-image-preview:large, max-video-preview:-1\" \/>\n<link rel=\"canonical\" href=\"https:\/\/geeksvalley.com\/en\/product\/digital-pen-multimeter\/\" \/>\n<meta property=\"og:locale\" content=\"en_US\" \/>\n<meta property=\"og:type\" content=\"article\" \/>\n<meta property=\"og:title\" content=\"Digital Pen Multimeter\" \/>\n<meta property=\"og:description\" content=\"It can measure AC\/DC Voltage, Resistance, Diode and Continuity test Digital Pen Multimeter GeeksValley\" \/>\n<meta property=\"og:url\" content=\"https:\/\/geeksvalley.com\/en\/product\/digital-pen-multimeter\/\" \/>\n<meta property=\"og:site_name\" content=\"GeeksValley\" \/>\n<meta property=\"article:publisher\" content=\"https:\/\/www.facebook.com\/GeeksValley\" \/>\n<meta property=\"article:modified_time\" content=\"2022-02-24T21:00:04+00:00\" \/>\n<meta property=\"og:image\" content=\"https:\/\/geeksvalley.com\/wp-content\/uploads\/2016\/12\/digital-pen-multimeter.jpg\" \/>\n\t<meta property=\"og:image:width\" content=\"355\" \/>\n\t<meta property=\"og:image:height\" content=\"355\" \/>\n\t<meta property=\"og:image:type\" content=\"image\/jpeg\" \/>\n<meta name=\"twitter:card\" content=\"summary_large_image\" \/>\n<meta name=\"twitter:site\" content=\"@geeks_valley\" \/>\n<meta name=\"twitter:label1\" content=\"Price\" \/>\n\t<meta name=\"twitter:data1\" content=\"166.75&nbsp;SAR Includes VAT 15% ( 310095677500003 )\" \/>\n\t<meta name=\"twitter:label2\" content=\"Availability\" \/>\n\t<meta name=\"twitter:data2\" content=\"In stock\" \/>\n<script type=\"application\/ld+json\" class=\"yoast-schema-graph\">{\"@context\":\"https:\\\/\\\/schema.org\",\"@graph\":[{\"@type\":\"WebPage\",\"@id\":\"https:\\\/\\\/geeksvalley.com\\\/en\\\/product\\\/digital-pen-multimeter\\\/\",\"url\":\"https:\\\/\\\/geeksvalley.com\\\/en\\\/product\\\/digital-pen-multimeter\\\/\",\"name\":\"Digital Pen Multimeter | GeeksValley\",\"isPartOf\":{\"@id\":\"https:\\\/\\\/geeksvalley.com\\\/en\\\/#website\"},\"primaryImageOfPage\":{\"@id\":\"https:\\\/\\\/geeksvalley.com\\\/en\\\/product\\\/digital-pen-multimeter\\\/#primaryimage\"},\"image\":{\"@id\":\"https:\\\/\\\/geeksvalley.com\\\/en\\\/product\\\/digital-pen-multimeter\\\/#primaryimage\"},\"thumbnailUrl\":\"https:\\\/\\\/geeksvalley.com\\\/wp-content\\\/uploads\\\/2016\\\/12\\\/digital-pen-multimeter.jpg\",\"datePublished\":\"2016-12-19T06:50:04+00:00\",\"dateModified\":\"2022-02-24T21:00:04+00:00\",\"description\":\"It can measure AC\\\/DC Voltage, Resistance, Diode and Continuity test Digital Pen Multimeter GeeksValley\",\"breadcrumb\":{\"@id\":\"https:\\\/\\\/geeksvalley.com\\\/en\\\/product\\\/digital-pen-multimeter\\\/#breadcrumb\"},\"inLanguage\":\"en-US\",\"potentialAction\":[{\"@type\":\"ReadAction\",\"target\":[\"https:\\\/\\\/geeksvalley.com\\\/en\\\/product\\\/digital-pen-multimeter\\\/\"]}]},{\"@type\":\"ImageObject\",\"inLanguage\":\"en-US\",\"@id\":\"https:\\\/\\\/geeksvalley.com\\\/en\\\/product\\\/digital-pen-multimeter\\\/#primaryimage\",\"url\":\"https:\\\/\\\/geeksvalley.com\\\/wp-content\\\/uploads\\\/2016\\\/12\\\/digital-pen-multimeter.jpg\",\"contentUrl\":\"https:\\\/\\\/geeksvalley.com\\\/wp-content\\\/uploads\\\/2016\\\/12\\\/digital-pen-multimeter.jpg\",\"width\":355,\"height\":355},{\"@type\":\"BreadcrumbList\",\"@id\":\"https:\\\/\\\/geeksvalley.com\\\/en\\\/product\\\/digital-pen-multimeter\\\/#breadcrumb\",\"itemListElement\":[{\"@type\":\"ListItem\",\"position\":1,\"name\":\"\u0627\u0644\u0631\u0626\u064a\u0633\u064a\u0629\",\"item\":\"https:\\\/\\\/geeksvalley.com\\\/en\\\/\"},{\"@type\":\"ListItem\",\"position\":2,\"name\":\"\u0627\u0644\u0645\u062a\u062c\u0631\",\"item\":\"https:\\\/\\\/geeksvalley.com\\\/shop\\\/\"},{\"@type\":\"ListItem\",\"position\":3,\"name\":\"Digital Pen Multimeter\"}]},{\"@type\":\"WebSite\",\"@id\":\"https:\\\/\\\/geeksvalley.com\\\/en\\\/#website\",\"url\":\"https:\\\/\\\/geeksvalley.com\\\/en\\\/\",\"name\":\"GeeksValley\",\"description\":\"\",\"publisher\":{\"@id\":\"https:\\\/\\\/geeksvalley.com\\\/en\\\/#organization\"},\"potentialAction\":[{\"@type\":\"SearchAction\",\"target\":{\"@type\":\"EntryPoint\",\"urlTemplate\":\"https:\\\/\\\/geeksvalley.com\\\/en\\\/?s={search_term_string}\"},\"query-input\":{\"@type\":\"PropertyValueSpecification\",\"valueRequired\":true,\"valueName\":\"search_term_string\"}}],\"inLanguage\":\"en-US\"},{\"@type\":\"Organization\",\"@id\":\"https:\\\/\\\/geeksvalley.com\\\/en\\\/#organization\",\"name\":\"Geeks Valley\",\"url\":\"https:\\\/\\\/geeksvalley.com\\\/en\\\/\",\"logo\":{\"@type\":\"ImageObject\",\"inLanguage\":\"en-US\",\"@id\":\"https:\\\/\\\/geeksvalley.com\\\/en\\\/#\\\/schema\\\/logo\\\/image\\\/\",\"url\":\"https:\\\/\\\/geeksvalley.com\\\/wp-content\\\/uploads\\\/2015\\\/08\\\/gv.png\",\"contentUrl\":\"https:\\\/\\\/geeksvalley.com\\\/wp-content\\\/uploads\\\/2015\\\/08\\\/gv.png\",\"width\":70,\"height\":99,\"caption\":\"Geeks Valley\"},\"image\":{\"@id\":\"https:\\\/\\\/geeksvalley.com\\\/en\\\/#\\\/schema\\\/logo\\\/image\\\/\"},\"sameAs\":[\"https:\\\/\\\/www.facebook.com\\\/GeeksValley\",\"https:\\\/\\\/x.com\\\/geeks_valley\"]}]}<\/script>\n<meta property=\"product:price:amount\" content=\"166.75\" \/>\n<meta property=\"product:price:currency\" content=\"SAR\" \/>\n<meta property=\"og:availability\" content=\"instock\" \/>\n<meta property=\"product:availability\" content=\"instock\" \/>\n<meta property=\"product:retailer_item_id\" content=\"J-TL-06\" \/>\n<meta property=\"product:condition\" content=\"new\" \/>\n<!-- \/ Yoast SEO Premium plugin. -->","yoast_head_json":{"title":"Digital Pen Multimeter | GeeksValley","description":"It can measure AC\/DC Voltage, Resistance, Diode and Continuity test Digital Pen Multimeter GeeksValley","robots":{"index":"index","follow":"follow","max-snippet":"max-snippet:-1","max-image-preview":"max-image-preview:large","max-video-preview":"max-video-preview:-1"},"canonical":"https:\/\/geeksvalley.com\/en\/product\/digital-pen-multimeter\/","og_locale":"en_US","og_type":"article","og_title":"Digital Pen Multimeter","og_description":"It can measure AC\/DC Voltage, Resistance, Diode and Continuity test Digital Pen Multimeter GeeksValley","og_url":"https:\/\/geeksvalley.com\/en\/product\/digital-pen-multimeter\/","og_site_name":"GeeksValley","article_publisher":"https:\/\/www.facebook.com\/GeeksValley","article_modified_time":"2022-02-24T21:00:04+00:00","og_image":[{"width":355,"height":355,"url":"https:\/\/geeksvalley.com\/wp-content\/uploads\/2016\/12\/digital-pen-multimeter.jpg","type":"image\/jpeg"}],"twitter_card":"summary_large_image","twitter_site":"@geeks_valley","twitter_misc":{"Price":"166.75&nbsp;SAR Includes VAT 15% ( 310095677500003 )","Availability":"In stock"},"schema":{"@context":"https:\/\/schema.org","@graph":[{"@type":"WebPage","@id":"https:\/\/geeksvalley.com\/en\/product\/digital-pen-multimeter\/","url":"https:\/\/geeksvalley.com\/en\/product\/digital-pen-multimeter\/","name":"Digital Pen Multimeter | GeeksValley","isPartOf":{"@id":"https:\/\/geeksvalley.com\/en\/#website"},"primaryImageOfPage":{"@id":"https:\/\/geeksvalley.com\/en\/product\/digital-pen-multimeter\/#primaryimage"},"image":{"@id":"https:\/\/geeksvalley.com\/en\/product\/digital-pen-multimeter\/#primaryimage"},"thumbnailUrl":"https:\/\/geeksvalley.com\/wp-content\/uploads\/2016\/12\/digital-pen-multimeter.jpg","datePublished":"2016-12-19T06:50:04+00:00","dateModified":"2022-02-24T21:00:04+00:00","description":"It can measure AC\/DC Voltage, Resistance, Diode and Continuity test Digital Pen Multimeter GeeksValley","breadcrumb":{"@id":"https:\/\/geeksvalley.com\/en\/product\/digital-pen-multimeter\/#breadcrumb"},"inLanguage":"en-US","potentialAction":[{"@type":"ReadAction","target":["https:\/\/geeksvalley.com\/en\/product\/digital-pen-multimeter\/"]}]},{"@type":"ImageObject","inLanguage":"en-US","@id":"https:\/\/geeksvalley.com\/en\/product\/digital-pen-multimeter\/#primaryimage","url":"https:\/\/geeksvalley.com\/wp-content\/uploads\/2016\/12\/digital-pen-multimeter.jpg","contentUrl":"https:\/\/geeksvalley.com\/wp-content\/uploads\/2016\/12\/digital-pen-multimeter.jpg","width":355,"height":355},{"@type":"BreadcrumbList","@id":"https:\/\/geeksvalley.com\/en\/product\/digital-pen-multimeter\/#breadcrumb","itemListElement":[{"@type":"ListItem","position":1,"name":"\u0627\u0644\u0631\u0626\u064a\u0633\u064a\u0629","item":"https:\/\/geeksvalley.com\/en\/"},{"@type":"ListItem","position":2,"name":"\u0627\u0644\u0645\u062a\u062c\u0631","item":"https:\/\/geeksvalley.com\/shop\/"},{"@type":"ListItem","position":3,"name":"Digital Pen Multimeter"}]},{"@type":"WebSite","@id":"https:\/\/geeksvalley.com\/en\/#website","url":"https:\/\/geeksvalley.com\/en\/","name":"GeeksValley","description":"","publisher":{"@id":"https:\/\/geeksvalley.com\/en\/#organization"},"potentialAction":[{"@type":"SearchAction","target":{"@type":"EntryPoint","urlTemplate":"https:\/\/geeksvalley.com\/en\/?s={search_term_string}"},"query-input":{"@type":"PropertyValueSpecification","valueRequired":true,"valueName":"search_term_string"}}],"inLanguage":"en-US"},{"@type":"Organization","@id":"https:\/\/geeksvalley.com\/en\/#organization","name":"Geeks Valley","url":"https:\/\/geeksvalley.com\/en\/","logo":{"@type":"ImageObject","inLanguage":"en-US","@id":"https:\/\/geeksvalley.com\/en\/#\/schema\/logo\/image\/","url":"https:\/\/geeksvalley.com\/wp-content\/uploads\/2015\/08\/gv.png","contentUrl":"https:\/\/geeksvalley.com\/wp-content\/uploads\/2015\/08\/gv.png","width":70,"height":99,"caption":"Geeks Valley"},"image":{"@id":"https:\/\/geeksvalley.com\/en\/#\/schema\/logo\/image\/"},"sameAs":["https:\/\/www.facebook.com\/GeeksValley","https:\/\/x.com\/geeks_valley"]}]},"product_price_amount":"166.75","product_price_currency":"SAR","og_availability":"instock","product_availability":"instock","product_retailer_item_id":"J-TL-06","product_condition":"new"},"_links":{"self":[{"href":"https:\/\/geeksvalley.com\/en\/wp-json\/wp\/v2\/product\/25375","targetHints":{"allow":["GET"]}}],"collection":[{"href":"https:\/\/geeksvalley.com\/en\/wp-json\/wp\/v2\/product"}],"about":[{"href":"https:\/\/geeksvalley.com\/en\/wp-json\/wp\/v2\/types\/product"}],"replies":[{"embeddable":true,"href":"https:\/\/geeksvalley.com\/en\/wp-json\/wp\/v2\/comments?post=25375"}],"wp:featuredmedia":[{"embeddable":true,"href":"https:\/\/geeksvalley.com\/en\/wp-json\/wp\/v2\/media\/25376"}],"wp:attachment":[{"href":"https:\/\/geeksvalley.com\/en\/wp-json\/wp\/v2\/media?parent=25375"}],"wp:term":[{"taxonomy":"product_brand","embeddable":true,"href":"https:\/\/geeksvalley.com\/en\/wp-json\/wp\/v2\/product_brand?post=25375"},{"taxonomy":"product_cat","embeddable":true,"href":"https:\/\/geeksvalley.com\/en\/wp-json\/wp\/v2\/product_cat?post=25375"},{"taxonomy":"product_tag","embeddable":true,"href":"https:\/\/geeksvalley.com\/en\/wp-json\/wp\/v2\/product_tag?post=25375"}],"curies":[{"name":"wp","href":"https:\/\/api.w.org\/{rel}","templated":true}]}}