{"id":25792,"date":"2017-05-16T12:28:31","date_gmt":"2017-05-16T09:28:31","guid":{"rendered":"https:\/\/geeksvalley.com\/product\/linear-motion-guide-module-pack-bule\/"},"modified":"2021-03-22T12:14:26","modified_gmt":"2021-03-22T09:14:26","slug":"linear-motion-guide-module-pack-bule","status":"publish","type":"product","link":"https:\/\/geeksvalley.com\/en\/product\/linear-motion-guide-module-pack-bule\/","title":{"rendered":"Linear Motion Guide Module Pack &#8211; Bule"},"content":{"rendered":"<p style=\"text-align: left\">Makeblock Linear Motion Guide Module Pack is a ball linear guide which can be assembled as a linear motion guide robot. The pack can be assembled as a liner motion guide with electronic or without electronic. It is to support and guide the moving parts, meanwhile transform circular motion to linear motion, such as 3D printer, CNC machine. Pls refer to below image of 3D printer with 4 Linear Motion Guide Modules.<\/p>\n<p style=\"text-align: left\"><strong>Features:<\/strong><\/p>\n<p style=\"text-align: left\">\u2022 Strong aluminum extrusion parts with anodized surface<br \/>\n\u2022 Easy-use stepper motor driver<br \/>\n\u2022 Stationary motion<br \/>\n\u2022 High accuracy with small friction and low noise\u2022 Frame: Anodized aluminum<br \/>\n\u2022 Physical Dimensions (L\u00d7W\u00d7H): 504mm \u00d7 65mm\u00d775mm<br \/>\n\u2022 G.W.: 1.6kg<br \/>\n\u2022 MEAS: 520\u00d7100\u00d7100mm<\/p>\n<p>&nbsp;<\/p>\n","protected":false},"excerpt":{"rendered":"<p>Makeblock Linear Motion Guide Module Pack is a ball linear guide which can be assembled as a linear motion guide robot.<\/p>\n","protected":false},"featured_media":25793,"comment_status":"closed","ping_status":"closed","template":"","meta":{"_acf_changed":false,"_bbp_topic_count":0,"_bbp_reply_count":0,"_bbp_total_topic_count":0,"_bbp_total_reply_count":0,"_bbp_voice_count":0,"_bbp_anonymous_reply_count":0,"_bbp_topic_count_hidden":0,"_bbp_reply_count_hidden":0,"_bbp_forum_subforum_count":0},"product_brand":[],"product_cat":[13532],"product_tag":[],"class_list":{"0":"post-25792","1":"product","2":"type-product","3":"status-publish","4":"has-post-thumbnail","6":"product_cat-learning-and-robot-bags","7":"wri_manual_relationships-man_rel-25396-25792","8":"wri_manual_relationships-man_rel-25775-25792","9":"wri_manual_relationships-man_rel-25792-25792","10":"wri_manual_relationships-man_rel-25792-25794","11":"wri_manual_relationships-man_rel-25792-25809","12":"wri_manual_relationships-man_rel-25792-25817","13":"wri_manual_relationships-man_rel-25792-25824","14":"wri_manual_relationships-man_rel-25792-25832","15":"wri_manual_relationships-man_rel-25792-25847","16":"wri_manual_relationships-man_rel-25792-25859","17":"wri_manual_relationships-man_rel-25792-25873","18":"wri_manual_relationships-man_rel-25792-25879","19":"wri_manual_relationships-man_rel-25792-25897","20":"wri_manual_relationships-man_rel-25792-25905","21":"wri_manual_relationships-man_rel-25792-25910","22":"wri_manual_relationships-man_rel-25792-25916","23":"wri_manual_relationships-man_rel-25792-25920","24":"wri_manual_relationships-man_rel-25792-25926","25":"wri_manual_relationships-man_rel-25792-26008","27":"first","28":"outofstock","29":"taxable","30":"shipping-taxable","31":"purchasable","32":"product-type-simple"},"acf":[],"yoast_head":"<!-- This site is optimized with the Yoast SEO Premium plugin v20.9 (Yoast SEO v27.4) - https:\/\/yoast.com\/product\/yoast-seo-premium-wordpress\/ -->\n<title>Linear Motion Guide Module Pack - Bule | GeeksValley<\/title>\n<meta name=\"description\" content=\"Makeblock Linear Motion Guide Module Pack is a ball linear guide which can be assembled as a linear motion guide robot. GeeksValley Linear Motion Guide Module Pack - Bule\" \/>\n<meta name=\"robots\" content=\"index, follow, max-snippet:-1, max-image-preview:large, max-video-preview:-1\" \/>\n<link rel=\"canonical\" href=\"https:\/\/geeksvalley.com\/en\/product\/linear-motion-guide-module-pack-bule\/\" \/>\n<meta property=\"og:locale\" content=\"en_US\" \/>\n<meta property=\"og:type\" content=\"article\" \/>\n<meta property=\"og:title\" content=\"Linear Motion Guide Module Pack - Bule\" \/>\n<meta property=\"og:description\" content=\"Makeblock Linear Motion Guide Module Pack is a ball linear guide which can be assembled as a linear motion guide robot. GeeksValley Linear Motion Guide Module Pack - Bule\" \/>\n<meta property=\"og:url\" content=\"https:\/\/geeksvalley.com\/en\/product\/linear-motion-guide-module-pack-bule\/\" \/>\n<meta property=\"og:site_name\" content=\"GeeksValley\" \/>\n<meta property=\"article:publisher\" content=\"https:\/\/www.facebook.com\/GeeksValley\" \/>\n<meta property=\"article:modified_time\" content=\"2021-03-22T09:14:26+00:00\" \/>\n<meta property=\"og:image\" content=\"https:\/\/geeksvalley.com\/wp-content\/uploads\/2017\/04\/Linear-Motion-Guide-Module-Pack-Bule.jpg\" \/>\n\t<meta property=\"og:image:width\" content=\"1000\" \/>\n\t<meta property=\"og:image:height\" content=\"574\" \/>\n\t<meta property=\"og:image:type\" content=\"image\/jpeg\" \/>\n<meta name=\"twitter:card\" content=\"summary_large_image\" \/>\n<meta name=\"twitter:site\" content=\"@geeks_valley\" \/>\n<meta name=\"twitter:label1\" content=\"Price\" \/>\n\t<meta name=\"twitter:data1\" content=\"616.40&nbsp;SAR Includes VAT 15% ( 310095677500003 )\" \/>\n\t<meta name=\"twitter:label2\" content=\"Availability\" \/>\n\t<meta name=\"twitter:data2\" content=\"Out of stock\" \/>\n<script type=\"application\/ld+json\" class=\"yoast-schema-graph\">{\"@context\":\"https:\\\/\\\/schema.org\",\"@graph\":[{\"@type\":\"WebPage\",\"@id\":\"https:\\\/\\\/geeksvalley.com\\\/en\\\/product\\\/linear-motion-guide-module-pack-bule\\\/\",\"url\":\"https:\\\/\\\/geeksvalley.com\\\/en\\\/product\\\/linear-motion-guide-module-pack-bule\\\/\",\"name\":\"Linear Motion Guide Module Pack - Bule | GeeksValley\",\"isPartOf\":{\"@id\":\"https:\\\/\\\/geeksvalley.com\\\/en\\\/#website\"},\"primaryImageOfPage\":{\"@id\":\"https:\\\/\\\/geeksvalley.com\\\/en\\\/product\\\/linear-motion-guide-module-pack-bule\\\/#primaryimage\"},\"image\":{\"@id\":\"https:\\\/\\\/geeksvalley.com\\\/en\\\/product\\\/linear-motion-guide-module-pack-bule\\\/#primaryimage\"},\"thumbnailUrl\":\"https:\\\/\\\/geeksvalley.com\\\/wp-content\\\/uploads\\\/2017\\\/04\\\/Linear-Motion-Guide-Module-Pack-Bule.jpg\",\"datePublished\":\"2017-05-16T09:28:31+00:00\",\"dateModified\":\"2021-03-22T09:14:26+00:00\",\"description\":\"Makeblock Linear Motion Guide Module Pack is a ball linear guide which can be assembled as a linear motion guide robot. GeeksValley Linear Motion Guide Module Pack - Bule\",\"breadcrumb\":{\"@id\":\"https:\\\/\\\/geeksvalley.com\\\/en\\\/product\\\/linear-motion-guide-module-pack-bule\\\/#breadcrumb\"},\"inLanguage\":\"en-US\",\"potentialAction\":[{\"@type\":\"ReadAction\",\"target\":[\"https:\\\/\\\/geeksvalley.com\\\/en\\\/product\\\/linear-motion-guide-module-pack-bule\\\/\"]}]},{\"@type\":\"ImageObject\",\"inLanguage\":\"en-US\",\"@id\":\"https:\\\/\\\/geeksvalley.com\\\/en\\\/product\\\/linear-motion-guide-module-pack-bule\\\/#primaryimage\",\"url\":\"https:\\\/\\\/geeksvalley.com\\\/wp-content\\\/uploads\\\/2017\\\/04\\\/Linear-Motion-Guide-Module-Pack-Bule.jpg\",\"contentUrl\":\"https:\\\/\\\/geeksvalley.com\\\/wp-content\\\/uploads\\\/2017\\\/04\\\/Linear-Motion-Guide-Module-Pack-Bule.jpg\",\"width\":1000,\"height\":574},{\"@type\":\"BreadcrumbList\",\"@id\":\"https:\\\/\\\/geeksvalley.com\\\/en\\\/product\\\/linear-motion-guide-module-pack-bule\\\/#breadcrumb\",\"itemListElement\":[{\"@type\":\"ListItem\",\"position\":1,\"name\":\"\u0627\u0644\u0631\u0626\u064a\u0633\u064a\u0629\",\"item\":\"https:\\\/\\\/geeksvalley.com\\\/en\\\/\"},{\"@type\":\"ListItem\",\"position\":2,\"name\":\"\u0627\u0644\u0645\u062a\u062c\u0631\",\"item\":\"https:\\\/\\\/geeksvalley.com\\\/shop\\\/\"},{\"@type\":\"ListItem\",\"position\":3,\"name\":\"Linear Motion Guide Module Pack &#8211; Bule\"}]},{\"@type\":\"WebSite\",\"@id\":\"https:\\\/\\\/geeksvalley.com\\\/en\\\/#website\",\"url\":\"https:\\\/\\\/geeksvalley.com\\\/en\\\/\",\"name\":\"GeeksValley\",\"description\":\"\",\"publisher\":{\"@id\":\"https:\\\/\\\/geeksvalley.com\\\/en\\\/#organization\"},\"potentialAction\":[{\"@type\":\"SearchAction\",\"target\":{\"@type\":\"EntryPoint\",\"urlTemplate\":\"https:\\\/\\\/geeksvalley.com\\\/en\\\/?s={search_term_string}\"},\"query-input\":{\"@type\":\"PropertyValueSpecification\",\"valueRequired\":true,\"valueName\":\"search_term_string\"}}],\"inLanguage\":\"en-US\"},{\"@type\":\"Organization\",\"@id\":\"https:\\\/\\\/geeksvalley.com\\\/en\\\/#organization\",\"name\":\"Geeks Valley\",\"url\":\"https:\\\/\\\/geeksvalley.com\\\/en\\\/\",\"logo\":{\"@type\":\"ImageObject\",\"inLanguage\":\"en-US\",\"@id\":\"https:\\\/\\\/geeksvalley.com\\\/en\\\/#\\\/schema\\\/logo\\\/image\\\/\",\"url\":\"https:\\\/\\\/geeksvalley.com\\\/wp-content\\\/uploads\\\/2015\\\/08\\\/gv.png\",\"contentUrl\":\"https:\\\/\\\/geeksvalley.com\\\/wp-content\\\/uploads\\\/2015\\\/08\\\/gv.png\",\"width\":70,\"height\":99,\"caption\":\"Geeks Valley\"},\"image\":{\"@id\":\"https:\\\/\\\/geeksvalley.com\\\/en\\\/#\\\/schema\\\/logo\\\/image\\\/\"},\"sameAs\":[\"https:\\\/\\\/www.facebook.com\\\/GeeksValley\",\"https:\\\/\\\/x.com\\\/geeks_valley\"]}]}<\/script>\n<meta property=\"product:price:amount\" content=\"616.40\" \/>\n<meta property=\"product:price:currency\" content=\"SAR\" \/>\n<meta property=\"og:availability\" content=\"out of stock\" \/>\n<meta property=\"product:availability\" content=\"out of stock\" \/>\n<meta property=\"product:retailer_item_id\" content=\"J-RO-06\" \/>\n<meta property=\"product:condition\" content=\"new\" \/>\n<!-- \/ Yoast SEO Premium plugin. -->","yoast_head_json":{"title":"Linear Motion Guide Module Pack - Bule | GeeksValley","description":"Makeblock Linear Motion Guide Module Pack is a ball linear guide which can be assembled as a linear motion guide robot. GeeksValley Linear Motion Guide Module Pack - Bule","robots":{"index":"index","follow":"follow","max-snippet":"max-snippet:-1","max-image-preview":"max-image-preview:large","max-video-preview":"max-video-preview:-1"},"canonical":"https:\/\/geeksvalley.com\/en\/product\/linear-motion-guide-module-pack-bule\/","og_locale":"en_US","og_type":"article","og_title":"Linear Motion Guide Module Pack - Bule","og_description":"Makeblock Linear Motion Guide Module Pack is a ball linear guide which can be assembled as a linear motion guide robot. GeeksValley Linear Motion Guide Module Pack - Bule","og_url":"https:\/\/geeksvalley.com\/en\/product\/linear-motion-guide-module-pack-bule\/","og_site_name":"GeeksValley","article_publisher":"https:\/\/www.facebook.com\/GeeksValley","article_modified_time":"2021-03-22T09:14:26+00:00","og_image":[{"width":1000,"height":574,"url":"https:\/\/geeksvalley.com\/wp-content\/uploads\/2017\/04\/Linear-Motion-Guide-Module-Pack-Bule.jpg","type":"image\/jpeg"}],"twitter_card":"summary_large_image","twitter_site":"@geeks_valley","twitter_misc":{"Price":"616.40&nbsp;SAR Includes VAT 15% ( 310095677500003 )","Availability":"Out of stock"},"schema":{"@context":"https:\/\/schema.org","@graph":[{"@type":"WebPage","@id":"https:\/\/geeksvalley.com\/en\/product\/linear-motion-guide-module-pack-bule\/","url":"https:\/\/geeksvalley.com\/en\/product\/linear-motion-guide-module-pack-bule\/","name":"Linear Motion Guide Module Pack - Bule | GeeksValley","isPartOf":{"@id":"https:\/\/geeksvalley.com\/en\/#website"},"primaryImageOfPage":{"@id":"https:\/\/geeksvalley.com\/en\/product\/linear-motion-guide-module-pack-bule\/#primaryimage"},"image":{"@id":"https:\/\/geeksvalley.com\/en\/product\/linear-motion-guide-module-pack-bule\/#primaryimage"},"thumbnailUrl":"https:\/\/geeksvalley.com\/wp-content\/uploads\/2017\/04\/Linear-Motion-Guide-Module-Pack-Bule.jpg","datePublished":"2017-05-16T09:28:31+00:00","dateModified":"2021-03-22T09:14:26+00:00","description":"Makeblock Linear Motion Guide Module Pack is a ball linear guide which can be assembled as a linear motion guide robot. GeeksValley Linear Motion Guide Module Pack - Bule","breadcrumb":{"@id":"https:\/\/geeksvalley.com\/en\/product\/linear-motion-guide-module-pack-bule\/#breadcrumb"},"inLanguage":"en-US","potentialAction":[{"@type":"ReadAction","target":["https:\/\/geeksvalley.com\/en\/product\/linear-motion-guide-module-pack-bule\/"]}]},{"@type":"ImageObject","inLanguage":"en-US","@id":"https:\/\/geeksvalley.com\/en\/product\/linear-motion-guide-module-pack-bule\/#primaryimage","url":"https:\/\/geeksvalley.com\/wp-content\/uploads\/2017\/04\/Linear-Motion-Guide-Module-Pack-Bule.jpg","contentUrl":"https:\/\/geeksvalley.com\/wp-content\/uploads\/2017\/04\/Linear-Motion-Guide-Module-Pack-Bule.jpg","width":1000,"height":574},{"@type":"BreadcrumbList","@id":"https:\/\/geeksvalley.com\/en\/product\/linear-motion-guide-module-pack-bule\/#breadcrumb","itemListElement":[{"@type":"ListItem","position":1,"name":"\u0627\u0644\u0631\u0626\u064a\u0633\u064a\u0629","item":"https:\/\/geeksvalley.com\/en\/"},{"@type":"ListItem","position":2,"name":"\u0627\u0644\u0645\u062a\u062c\u0631","item":"https:\/\/geeksvalley.com\/shop\/"},{"@type":"ListItem","position":3,"name":"Linear Motion Guide Module Pack &#8211; Bule"}]},{"@type":"WebSite","@id":"https:\/\/geeksvalley.com\/en\/#website","url":"https:\/\/geeksvalley.com\/en\/","name":"GeeksValley","description":"","publisher":{"@id":"https:\/\/geeksvalley.com\/en\/#organization"},"potentialAction":[{"@type":"SearchAction","target":{"@type":"EntryPoint","urlTemplate":"https:\/\/geeksvalley.com\/en\/?s={search_term_string}"},"query-input":{"@type":"PropertyValueSpecification","valueRequired":true,"valueName":"search_term_string"}}],"inLanguage":"en-US"},{"@type":"Organization","@id":"https:\/\/geeksvalley.com\/en\/#organization","name":"Geeks Valley","url":"https:\/\/geeksvalley.com\/en\/","logo":{"@type":"ImageObject","inLanguage":"en-US","@id":"https:\/\/geeksvalley.com\/en\/#\/schema\/logo\/image\/","url":"https:\/\/geeksvalley.com\/wp-content\/uploads\/2015\/08\/gv.png","contentUrl":"https:\/\/geeksvalley.com\/wp-content\/uploads\/2015\/08\/gv.png","width":70,"height":99,"caption":"Geeks Valley"},"image":{"@id":"https:\/\/geeksvalley.com\/en\/#\/schema\/logo\/image\/"},"sameAs":["https:\/\/www.facebook.com\/GeeksValley","https:\/\/x.com\/geeks_valley"]}]},"product_price_amount":"616.40","product_price_currency":"SAR","og_availability":"out of stock","product_availability":"out of stock","product_retailer_item_id":"J-RO-06","product_condition":"new"},"_links":{"self":[{"href":"https:\/\/geeksvalley.com\/en\/wp-json\/wp\/v2\/product\/25792","targetHints":{"allow":["GET"]}}],"collection":[{"href":"https:\/\/geeksvalley.com\/en\/wp-json\/wp\/v2\/product"}],"about":[{"href":"https:\/\/geeksvalley.com\/en\/wp-json\/wp\/v2\/types\/product"}],"replies":[{"embeddable":true,"href":"https:\/\/geeksvalley.com\/en\/wp-json\/wp\/v2\/comments?post=25792"}],"wp:featuredmedia":[{"embeddable":true,"href":"https:\/\/geeksvalley.com\/en\/wp-json\/wp\/v2\/media\/25793"}],"wp:attachment":[{"href":"https:\/\/geeksvalley.com\/en\/wp-json\/wp\/v2\/media?parent=25792"}],"wp:term":[{"taxonomy":"product_brand","embeddable":true,"href":"https:\/\/geeksvalley.com\/en\/wp-json\/wp\/v2\/product_brand?post=25792"},{"taxonomy":"product_cat","embeddable":true,"href":"https:\/\/geeksvalley.com\/en\/wp-json\/wp\/v2\/product_cat?post=25792"},{"taxonomy":"product_tag","embeddable":true,"href":"https:\/\/geeksvalley.com\/en\/wp-json\/wp\/v2\/product_tag?post=25792"}],"curies":[{"name":"wp","href":"https:\/\/api.w.org\/{rel}","templated":true}]}}