{"id":26270,"date":"2018-04-17T11:33:35","date_gmt":"2018-04-17T08:33:35","guid":{"rendered":"https:\/\/geeksvalley.com\/product\/ultimaker-original-diy-3d-printer-kit\/"},"modified":"2021-03-08T11:12:17","modified_gmt":"2021-03-08T08:12:17","slug":"ultimaker-original-diy-3d-printer-kit","status":"publish","type":"product","link":"https:\/\/geeksvalley.com\/en\/product\/ultimaker-original-diy-3d-printer-kit\/","title":{"rendered":"Ultimaker Original+ (DIY 3D Printer Kit)"},"content":{"rendered":"<p style=\"text-align: left\"><strong>The original 3D printer kit by Ultimaker<\/strong><\/p>\n<h3 style=\"text-align: left\"><strong>Specifications<\/strong><\/h3>\n<p style=\"text-align: left\"><strong>Technology:<\/strong> fused filament fabrication<\/p>\n<p style=\"text-align: left\"><strong>Features<\/strong>: standalone SD-card printing, Wi-Fi printing ready, Heated bed<\/p>\n<p style=\"text-align: left\"><strong>Build volume (L \u00d7 W \u00d7 H): <\/strong>210 mm \u00d7 210 mm \u00d7 205 mm<\/p>\n<p style=\"text-align: left\"><strong>Dimension:<\/strong> 357 mm <b>\u00d7 <\/b>342 mm <b>\u00d7 <\/b>388 mm<\/p>\n<p style=\"text-align: left\"><strong>Layer resolution:<\/strong> low (200 micron (0.2mm)), medium (100 micron (0.1mm)), high (60 micron (0.06mm)) and ultra-high (20 micron (0.02mm))<\/p>\n<p style=\"text-align: left\"><strong>Print speed:<\/strong> 30 mm \/ s &#8211; 300 mm \/ s<\/p>\n<p style=\"text-align: left\"><strong>Travel:<\/strong> 30 mm \/ s &#8211; 300 mm \/ s<\/p>\n<p style=\"text-align: left\"><strong>Filament diameter:<\/strong> 2.85 mm<\/p>\n<p style=\"text-align: left\"><strong>Nozzle diameter:<\/strong> 0.4 mm<\/p>\n<p style=\"text-align: left\"><strong>Positioning precision X<\/strong>, Y, Z<strong>:<\/strong> 12.5 microns, 12.5 microns, 5 micron<\/p>\n<p style=\"text-align: left\"><strong>Supplied software:<\/strong> Ultimaker Cura<\/p>\n<p style=\"text-align: left\"><strong>Supported file types:<\/strong> STL, OBJ, DAE, and AMF<\/p>\n<p style=\"text-align: left\"><strong>Supported operating systems:<\/strong> Windows, Mac, and Linux<\/p>\n","protected":false},"excerpt":{"rendered":"<p>The original 3D printer kit by Ultimaker Specifications Technology: fused filament fabrication Features: standalone SD-card printing, Wi-Fi printing ready, Heated bed Build volume (L \u00d7 W \u00d7 H): 210 mm \u00d7 210 mm \u00d7 205 mm Dimension: 357 mm \u00d7 342 mm \u00d7 388 mm Layer resolution: low (200 micron (0.2mm)), medium (100 micron (0.1mm)), &hellip; <a href=\"https:\/\/geeksvalley.com\/en\/product\/ultimaker-original-diy-3d-printer-kit\/\" class=\"more-link\">Continue reading <span class=\"screen-reader-text\">Ultimaker Original+ (DIY 3D Printer Kit)<\/span><\/a><\/p>\n","protected":false},"featured_media":26271,"comment_status":"closed","ping_status":"closed","template":"","meta":{"_acf_changed":false,"_bbp_topic_count":0,"_bbp_reply_count":0,"_bbp_total_topic_count":0,"_bbp_total_reply_count":0,"_bbp_voice_count":0,"_bbp_anonymous_reply_count":0,"_bbp_topic_count_hidden":0,"_bbp_reply_count_hidden":0,"_bbp_forum_subforum_count":0},"product_brand":[],"product_cat":[13538,8812],"product_tag":[],"class_list":{"0":"post-26270","1":"product","2":"type-product","3":"status-publish","4":"has-post-thumbnail","6":"product_cat-3d-printer","7":"product_cat-other-products","9":"first","10":"outofstock","11":"taxable","12":"shipping-taxable","13":"purchasable","14":"product-type-simple"},"acf":[],"yoast_head":"<!-- This site is optimized with the Yoast SEO Premium plugin v20.9 (Yoast SEO v27.4) - https:\/\/yoast.com\/product\/yoast-seo-premium-wordpress\/ -->\n<title>Ultimaker Original+ (DIY 3D Printer Kit) | GeeksValley<\/title>\n<meta name=\"robots\" content=\"index, follow, max-snippet:-1, max-image-preview:large, max-video-preview:-1\" \/>\n<link rel=\"canonical\" href=\"https:\/\/geeksvalley.com\/en\/product\/ultimaker-original-diy-3d-printer-kit\/\" \/>\n<meta property=\"og:locale\" content=\"en_US\" \/>\n<meta property=\"og:type\" content=\"article\" \/>\n<meta property=\"og:title\" content=\"Ultimaker Original+ (DIY 3D Printer Kit)\" \/>\n<meta property=\"og:url\" content=\"https:\/\/geeksvalley.com\/en\/product\/ultimaker-original-diy-3d-printer-kit\/\" \/>\n<meta property=\"og:site_name\" content=\"GeeksValley\" \/>\n<meta property=\"article:publisher\" content=\"https:\/\/www.facebook.com\/GeeksValley\" \/>\n<meta property=\"article:modified_time\" content=\"2021-03-08T08:12:17+00:00\" \/>\n<meta property=\"og:image\" content=\"https:\/\/geeksvalley.com\/wp-content\/uploads\/2018\/04\/product_quality1_1024x1024.jpg\" \/>\n\t<meta property=\"og:image:width\" content=\"796\" \/>\n\t<meta property=\"og:image:height\" content=\"796\" \/>\n\t<meta property=\"og:image:type\" content=\"image\/jpeg\" \/>\n<meta name=\"twitter:card\" content=\"summary_large_image\" \/>\n<meta name=\"twitter:site\" content=\"@geeks_valley\" \/>\n<meta name=\"twitter:label1\" content=\"Price\" \/>\n\t<meta name=\"twitter:data1\" content=\"7,397.95&nbsp;SAR Includes VAT 15% ( 310095677500003 )\" \/>\n\t<meta name=\"twitter:label2\" content=\"Availability\" \/>\n\t<meta name=\"twitter:data2\" content=\"Out of stock\" \/>\n<script type=\"application\/ld+json\" class=\"yoast-schema-graph\">{\"@context\":\"https:\\\/\\\/schema.org\",\"@graph\":[{\"@type\":\"WebPage\",\"@id\":\"https:\\\/\\\/geeksvalley.com\\\/en\\\/product\\\/ultimaker-original-diy-3d-printer-kit\\\/\",\"url\":\"https:\\\/\\\/geeksvalley.com\\\/en\\\/product\\\/ultimaker-original-diy-3d-printer-kit\\\/\",\"name\":\"Ultimaker Original+ (DIY 3D Printer Kit) | GeeksValley\",\"isPartOf\":{\"@id\":\"https:\\\/\\\/geeksvalley.com\\\/en\\\/#website\"},\"primaryImageOfPage\":{\"@id\":\"https:\\\/\\\/geeksvalley.com\\\/en\\\/product\\\/ultimaker-original-diy-3d-printer-kit\\\/#primaryimage\"},\"image\":{\"@id\":\"https:\\\/\\\/geeksvalley.com\\\/en\\\/product\\\/ultimaker-original-diy-3d-printer-kit\\\/#primaryimage\"},\"thumbnailUrl\":\"https:\\\/\\\/geeksvalley.com\\\/wp-content\\\/uploads\\\/2018\\\/04\\\/product_quality1_1024x1024.jpg\",\"datePublished\":\"2018-04-17T08:33:35+00:00\",\"dateModified\":\"2021-03-08T08:12:17+00:00\",\"breadcrumb\":{\"@id\":\"https:\\\/\\\/geeksvalley.com\\\/en\\\/product\\\/ultimaker-original-diy-3d-printer-kit\\\/#breadcrumb\"},\"inLanguage\":\"en-US\",\"potentialAction\":[{\"@type\":\"ReadAction\",\"target\":[\"https:\\\/\\\/geeksvalley.com\\\/en\\\/product\\\/ultimaker-original-diy-3d-printer-kit\\\/\"]}]},{\"@type\":\"ImageObject\",\"inLanguage\":\"en-US\",\"@id\":\"https:\\\/\\\/geeksvalley.com\\\/en\\\/product\\\/ultimaker-original-diy-3d-printer-kit\\\/#primaryimage\",\"url\":\"https:\\\/\\\/geeksvalley.com\\\/wp-content\\\/uploads\\\/2018\\\/04\\\/product_quality1_1024x1024.jpg\",\"contentUrl\":\"https:\\\/\\\/geeksvalley.com\\\/wp-content\\\/uploads\\\/2018\\\/04\\\/product_quality1_1024x1024.jpg\",\"width\":796,\"height\":796},{\"@type\":\"BreadcrumbList\",\"@id\":\"https:\\\/\\\/geeksvalley.com\\\/en\\\/product\\\/ultimaker-original-diy-3d-printer-kit\\\/#breadcrumb\",\"itemListElement\":[{\"@type\":\"ListItem\",\"position\":1,\"name\":\"\u0627\u0644\u0631\u0626\u064a\u0633\u064a\u0629\",\"item\":\"https:\\\/\\\/geeksvalley.com\\\/en\\\/\"},{\"@type\":\"ListItem\",\"position\":2,\"name\":\"\u0627\u0644\u0645\u062a\u062c\u0631\",\"item\":\"https:\\\/\\\/geeksvalley.com\\\/shop\\\/\"},{\"@type\":\"ListItem\",\"position\":3,\"name\":\"Ultimaker Original+ (DIY 3D Printer Kit)\"}]},{\"@type\":\"WebSite\",\"@id\":\"https:\\\/\\\/geeksvalley.com\\\/en\\\/#website\",\"url\":\"https:\\\/\\\/geeksvalley.com\\\/en\\\/\",\"name\":\"GeeksValley\",\"description\":\"\",\"publisher\":{\"@id\":\"https:\\\/\\\/geeksvalley.com\\\/en\\\/#organization\"},\"potentialAction\":[{\"@type\":\"SearchAction\",\"target\":{\"@type\":\"EntryPoint\",\"urlTemplate\":\"https:\\\/\\\/geeksvalley.com\\\/en\\\/?s={search_term_string}\"},\"query-input\":{\"@type\":\"PropertyValueSpecification\",\"valueRequired\":true,\"valueName\":\"search_term_string\"}}],\"inLanguage\":\"en-US\"},{\"@type\":\"Organization\",\"@id\":\"https:\\\/\\\/geeksvalley.com\\\/en\\\/#organization\",\"name\":\"Geeks Valley\",\"url\":\"https:\\\/\\\/geeksvalley.com\\\/en\\\/\",\"logo\":{\"@type\":\"ImageObject\",\"inLanguage\":\"en-US\",\"@id\":\"https:\\\/\\\/geeksvalley.com\\\/en\\\/#\\\/schema\\\/logo\\\/image\\\/\",\"url\":\"https:\\\/\\\/geeksvalley.com\\\/wp-content\\\/uploads\\\/2015\\\/08\\\/gv.png\",\"contentUrl\":\"https:\\\/\\\/geeksvalley.com\\\/wp-content\\\/uploads\\\/2015\\\/08\\\/gv.png\",\"width\":70,\"height\":99,\"caption\":\"Geeks Valley\"},\"image\":{\"@id\":\"https:\\\/\\\/geeksvalley.com\\\/en\\\/#\\\/schema\\\/logo\\\/image\\\/\"},\"sameAs\":[\"https:\\\/\\\/www.facebook.com\\\/GeeksValley\",\"https:\\\/\\\/x.com\\\/geeks_valley\"]}]}<\/script>\n<meta property=\"product:price:amount\" content=\"7397.95\" \/>\n<meta property=\"product:price:currency\" content=\"SAR\" \/>\n<meta property=\"og:availability\" content=\"out of stock\" \/>\n<meta property=\"product:availability\" content=\"out of stock\" \/>\n<meta property=\"product:retailer_item_id\" content=\"J-3D-10\" \/>\n<meta property=\"product:condition\" content=\"new\" \/>\n<!-- \/ Yoast SEO Premium plugin. -->","yoast_head_json":{"title":"Ultimaker Original+ (DIY 3D Printer Kit) | GeeksValley","robots":{"index":"index","follow":"follow","max-snippet":"max-snippet:-1","max-image-preview":"max-image-preview:large","max-video-preview":"max-video-preview:-1"},"canonical":"https:\/\/geeksvalley.com\/en\/product\/ultimaker-original-diy-3d-printer-kit\/","og_locale":"en_US","og_type":"article","og_title":"Ultimaker Original+ (DIY 3D Printer Kit)","og_url":"https:\/\/geeksvalley.com\/en\/product\/ultimaker-original-diy-3d-printer-kit\/","og_site_name":"GeeksValley","article_publisher":"https:\/\/www.facebook.com\/GeeksValley","article_modified_time":"2021-03-08T08:12:17+00:00","og_image":[{"width":796,"height":796,"url":"https:\/\/geeksvalley.com\/wp-content\/uploads\/2018\/04\/product_quality1_1024x1024.jpg","type":"image\/jpeg"}],"twitter_card":"summary_large_image","twitter_site":"@geeks_valley","twitter_misc":{"Price":"7,397.95&nbsp;SAR Includes VAT 15% ( 310095677500003 )","Availability":"Out of stock"},"schema":{"@context":"https:\/\/schema.org","@graph":[{"@type":"WebPage","@id":"https:\/\/geeksvalley.com\/en\/product\/ultimaker-original-diy-3d-printer-kit\/","url":"https:\/\/geeksvalley.com\/en\/product\/ultimaker-original-diy-3d-printer-kit\/","name":"Ultimaker Original+ (DIY 3D Printer Kit) | GeeksValley","isPartOf":{"@id":"https:\/\/geeksvalley.com\/en\/#website"},"primaryImageOfPage":{"@id":"https:\/\/geeksvalley.com\/en\/product\/ultimaker-original-diy-3d-printer-kit\/#primaryimage"},"image":{"@id":"https:\/\/geeksvalley.com\/en\/product\/ultimaker-original-diy-3d-printer-kit\/#primaryimage"},"thumbnailUrl":"https:\/\/geeksvalley.com\/wp-content\/uploads\/2018\/04\/product_quality1_1024x1024.jpg","datePublished":"2018-04-17T08:33:35+00:00","dateModified":"2021-03-08T08:12:17+00:00","breadcrumb":{"@id":"https:\/\/geeksvalley.com\/en\/product\/ultimaker-original-diy-3d-printer-kit\/#breadcrumb"},"inLanguage":"en-US","potentialAction":[{"@type":"ReadAction","target":["https:\/\/geeksvalley.com\/en\/product\/ultimaker-original-diy-3d-printer-kit\/"]}]},{"@type":"ImageObject","inLanguage":"en-US","@id":"https:\/\/geeksvalley.com\/en\/product\/ultimaker-original-diy-3d-printer-kit\/#primaryimage","url":"https:\/\/geeksvalley.com\/wp-content\/uploads\/2018\/04\/product_quality1_1024x1024.jpg","contentUrl":"https:\/\/geeksvalley.com\/wp-content\/uploads\/2018\/04\/product_quality1_1024x1024.jpg","width":796,"height":796},{"@type":"BreadcrumbList","@id":"https:\/\/geeksvalley.com\/en\/product\/ultimaker-original-diy-3d-printer-kit\/#breadcrumb","itemListElement":[{"@type":"ListItem","position":1,"name":"\u0627\u0644\u0631\u0626\u064a\u0633\u064a\u0629","item":"https:\/\/geeksvalley.com\/en\/"},{"@type":"ListItem","position":2,"name":"\u0627\u0644\u0645\u062a\u062c\u0631","item":"https:\/\/geeksvalley.com\/shop\/"},{"@type":"ListItem","position":3,"name":"Ultimaker Original+ (DIY 3D Printer Kit)"}]},{"@type":"WebSite","@id":"https:\/\/geeksvalley.com\/en\/#website","url":"https:\/\/geeksvalley.com\/en\/","name":"GeeksValley","description":"","publisher":{"@id":"https:\/\/geeksvalley.com\/en\/#organization"},"potentialAction":[{"@type":"SearchAction","target":{"@type":"EntryPoint","urlTemplate":"https:\/\/geeksvalley.com\/en\/?s={search_term_string}"},"query-input":{"@type":"PropertyValueSpecification","valueRequired":true,"valueName":"search_term_string"}}],"inLanguage":"en-US"},{"@type":"Organization","@id":"https:\/\/geeksvalley.com\/en\/#organization","name":"Geeks Valley","url":"https:\/\/geeksvalley.com\/en\/","logo":{"@type":"ImageObject","inLanguage":"en-US","@id":"https:\/\/geeksvalley.com\/en\/#\/schema\/logo\/image\/","url":"https:\/\/geeksvalley.com\/wp-content\/uploads\/2015\/08\/gv.png","contentUrl":"https:\/\/geeksvalley.com\/wp-content\/uploads\/2015\/08\/gv.png","width":70,"height":99,"caption":"Geeks Valley"},"image":{"@id":"https:\/\/geeksvalley.com\/en\/#\/schema\/logo\/image\/"},"sameAs":["https:\/\/www.facebook.com\/GeeksValley","https:\/\/x.com\/geeks_valley"]}]},"product_price_amount":"7397.95","product_price_currency":"SAR","og_availability":"out of stock","product_availability":"out of stock","product_retailer_item_id":"J-3D-10","product_condition":"new"},"_links":{"self":[{"href":"https:\/\/geeksvalley.com\/en\/wp-json\/wp\/v2\/product\/26270","targetHints":{"allow":["GET"]}}],"collection":[{"href":"https:\/\/geeksvalley.com\/en\/wp-json\/wp\/v2\/product"}],"about":[{"href":"https:\/\/geeksvalley.com\/en\/wp-json\/wp\/v2\/types\/product"}],"replies":[{"embeddable":true,"href":"https:\/\/geeksvalley.com\/en\/wp-json\/wp\/v2\/comments?post=26270"}],"wp:featuredmedia":[{"embeddable":true,"href":"https:\/\/geeksvalley.com\/en\/wp-json\/wp\/v2\/media\/26271"}],"wp:attachment":[{"href":"https:\/\/geeksvalley.com\/en\/wp-json\/wp\/v2\/media?parent=26270"}],"wp:term":[{"taxonomy":"product_brand","embeddable":true,"href":"https:\/\/geeksvalley.com\/en\/wp-json\/wp\/v2\/product_brand?post=26270"},{"taxonomy":"product_cat","embeddable":true,"href":"https:\/\/geeksvalley.com\/en\/wp-json\/wp\/v2\/product_cat?post=26270"},{"taxonomy":"product_tag","embeddable":true,"href":"https:\/\/geeksvalley.com\/en\/wp-json\/wp\/v2\/product_tag?post=26270"}],"curies":[{"name":"wp","href":"https:\/\/api.w.org\/{rel}","templated":true}]}}