{"id":26796,"date":"2019-03-10T16:50:18","date_gmt":"2019-03-10T13:50:18","guid":{"rendered":"https:\/\/geeksvalley.com\/product\/end-mill-radius-mill-eco\/"},"modified":"2021-03-18T14:17:09","modified_gmt":"2021-03-18T11:17:09","slug":"end-mill-radius-mill-eco","status":"publish","type":"product","link":"https:\/\/geeksvalley.com\/en\/product\/end-mill-radius-mill-eco\/","title":{"rendered":"End Mill Radius Mill ECO"},"content":{"rendered":"<p style=\"text-align: left\">Available as \u00f81 mm, \u00f82 mm and \u00f83 mm.<\/p>\n<p><strong>Applications:<\/strong><\/p>\n<ul>\n<li>Universal usability for all Materials:<\/li>\n<li>Wood<\/li>\n<li>Aluminum<\/li>\n<li>Non-ferrous metals<\/li>\n<li>Only partially usable for high strength metals<\/li>\n<\/ul>\n<p>&nbsp;<\/p>\n<p style=\"text-align: left\">For an optimal overview of all our end mills and the materials to be processed, please see\u00a0<a href=\"https:\/\/www.stepcraft-systems.com\/en\/cnc-accessories\/end-mills\" target=\"_blank\" rel=\"noopener noreferrer\">the table<\/a>\u00a0on our website.<br \/>\n<strong><br \/>\nTechnical Specifications:<\/strong><\/p>\n<ul>\n<li>Solid Carbide-Radius Mill<\/li>\n<li>Center Cut (Diving possible)<\/li>\n<li>(Shank): 3,0 mm<\/li>\n<\/ul>\n","protected":false},"excerpt":{"rendered":"<p>End Mill Radius Mill ECO is available as \u00f81 mm, \u00f82 mm and \u00f83 mm.<\/p>\n","protected":false},"featured_media":26802,"comment_status":"closed","ping_status":"closed","template":"","meta":{"_acf_changed":false,"_bbp_topic_count":0,"_bbp_reply_count":0,"_bbp_total_topic_count":0,"_bbp_total_reply_count":0,"_bbp_voice_count":0,"_bbp_anonymous_reply_count":0,"_bbp_topic_count_hidden":0,"_bbp_reply_count_hidden":0,"_bbp_forum_subforum_count":0},"product_brand":[],"product_cat":[13522],"product_tag":[],"class_list":{"0":"post-26796","1":"product","2":"type-product","3":"status-publish","4":"has-post-thumbnail","6":"product_cat-milling-cnc-accessories","7":"wri_manual_relationships-man_rel-26796-26806","8":"wri_manual_relationships-man_rel-26796-26809","9":"wri_manual_relationships-man_rel-26796-26825","10":"wri_manual_relationships-man_rel-26796-26990","11":"wri_manual_relationships-man_rel-26796-26997","12":"wri_manual_relationships-man_rel-26796-27004","13":"wri_manual_relationships-man_rel-26796-27009","14":"wri_manual_relationships-man_rel-26796-27017","15":"wri_manual_relationships-man_rel-26796-27025","16":"wri_manual_relationships-man_rel-26796-27051","17":"wri_manual_relationships-man_rel-6512-26796","19":"first","20":"instock","21":"taxable","22":"shipping-taxable","23":"purchasable","24":"product-type-variable"},"acf":[],"yoast_head":"<!-- This site is optimized with the Yoast SEO Premium plugin v20.9 (Yoast SEO v27.4) - https:\/\/yoast.com\/product\/yoast-seo-premium-wordpress\/ -->\n<title>End Mill Radius Mill ECO | GeeksValley<\/title>\n<meta name=\"description\" content=\"End Mill Radius Mill ECO is available as \u00f81 mm, \u00f82 mm and \u00f83 mm. GeeksValley End Mill Radius Mill ECO\" \/>\n<meta name=\"robots\" content=\"index, follow, max-snippet:-1, max-image-preview:large, max-video-preview:-1\" \/>\n<link rel=\"canonical\" href=\"https:\/\/geeksvalley.com\/en\/product\/end-mill-radius-mill-eco\/\" \/>\n<meta property=\"og:locale\" content=\"en_US\" \/>\n<meta property=\"og:type\" content=\"article\" \/>\n<meta property=\"og:title\" content=\"End Mill Radius Mill ECO\" \/>\n<meta property=\"og:description\" content=\"End Mill Radius Mill ECO is available as \u00f81 mm, \u00f82 mm and \u00f83 mm. GeeksValley End Mill Radius Mill ECO\" \/>\n<meta property=\"og:url\" content=\"https:\/\/geeksvalley.com\/en\/product\/end-mill-radius-mill-eco\/\" \/>\n<meta property=\"og:site_name\" content=\"GeeksValley\" \/>\n<meta property=\"article:publisher\" content=\"https:\/\/www.facebook.com\/GeeksValley\" \/>\n<meta property=\"article:modified_time\" content=\"2021-03-18T11:17:09+00:00\" \/>\n<meta property=\"og:image\" content=\"https:\/\/geeksvalley.com\/wp-content\/uploads\/2019\/03\/end-mill-radius-mill-eco-1.jpg\" \/>\n\t<meta property=\"og:image:width\" content=\"1200\" \/>\n\t<meta property=\"og:image:height\" content=\"1200\" \/>\n\t<meta property=\"og:image:type\" content=\"image\/jpeg\" \/>\n<meta name=\"twitter:card\" content=\"summary_large_image\" \/>\n<meta name=\"twitter:site\" content=\"@geeks_valley\" \/>\n<meta name=\"twitter:label1\" content=\"Availability\" \/>\n\t<meta name=\"twitter:data1\" content=\"In stock\" \/>\n<script type=\"application\/ld+json\" class=\"yoast-schema-graph\">{\"@context\":\"https:\\\/\\\/schema.org\",\"@graph\":[{\"@type\":\"WebPage\",\"@id\":\"https:\\\/\\\/geeksvalley.com\\\/en\\\/product\\\/end-mill-radius-mill-eco\\\/\",\"url\":\"https:\\\/\\\/geeksvalley.com\\\/en\\\/product\\\/end-mill-radius-mill-eco\\\/\",\"name\":\"End Mill Radius Mill ECO | GeeksValley\",\"isPartOf\":{\"@id\":\"https:\\\/\\\/geeksvalley.com\\\/en\\\/#website\"},\"primaryImageOfPage\":{\"@id\":\"https:\\\/\\\/geeksvalley.com\\\/en\\\/product\\\/end-mill-radius-mill-eco\\\/#primaryimage\"},\"image\":{\"@id\":\"https:\\\/\\\/geeksvalley.com\\\/en\\\/product\\\/end-mill-radius-mill-eco\\\/#primaryimage\"},\"thumbnailUrl\":\"https:\\\/\\\/geeksvalley.com\\\/wp-content\\\/uploads\\\/2019\\\/03\\\/end-mill-radius-mill-eco-1.jpg\",\"datePublished\":\"2019-03-10T13:50:18+00:00\",\"dateModified\":\"2021-03-18T11:17:09+00:00\",\"description\":\"End Mill Radius Mill ECO is available as \u00f81 mm, \u00f82 mm and \u00f83 mm. GeeksValley End Mill Radius Mill ECO\",\"breadcrumb\":{\"@id\":\"https:\\\/\\\/geeksvalley.com\\\/en\\\/product\\\/end-mill-radius-mill-eco\\\/#breadcrumb\"},\"inLanguage\":\"en-US\",\"potentialAction\":[{\"@type\":\"ReadAction\",\"target\":[\"https:\\\/\\\/geeksvalley.com\\\/en\\\/product\\\/end-mill-radius-mill-eco\\\/\"]}]},{\"@type\":\"ImageObject\",\"inLanguage\":\"en-US\",\"@id\":\"https:\\\/\\\/geeksvalley.com\\\/en\\\/product\\\/end-mill-radius-mill-eco\\\/#primaryimage\",\"url\":\"https:\\\/\\\/geeksvalley.com\\\/wp-content\\\/uploads\\\/2019\\\/03\\\/end-mill-radius-mill-eco-1.jpg\",\"contentUrl\":\"https:\\\/\\\/geeksvalley.com\\\/wp-content\\\/uploads\\\/2019\\\/03\\\/end-mill-radius-mill-eco-1.jpg\",\"width\":1200,\"height\":1200},{\"@type\":\"BreadcrumbList\",\"@id\":\"https:\\\/\\\/geeksvalley.com\\\/en\\\/product\\\/end-mill-radius-mill-eco\\\/#breadcrumb\",\"itemListElement\":[{\"@type\":\"ListItem\",\"position\":1,\"name\":\"\u0627\u0644\u0631\u0626\u064a\u0633\u064a\u0629\",\"item\":\"https:\\\/\\\/geeksvalley.com\\\/en\\\/\"},{\"@type\":\"ListItem\",\"position\":2,\"name\":\"\u0627\u0644\u0645\u062a\u062c\u0631\",\"item\":\"https:\\\/\\\/geeksvalley.com\\\/shop\\\/\"},{\"@type\":\"ListItem\",\"position\":3,\"name\":\"End Mill Radius Mill ECO\"}]},{\"@type\":\"WebSite\",\"@id\":\"https:\\\/\\\/geeksvalley.com\\\/en\\\/#website\",\"url\":\"https:\\\/\\\/geeksvalley.com\\\/en\\\/\",\"name\":\"GeeksValley\",\"description\":\"\",\"publisher\":{\"@id\":\"https:\\\/\\\/geeksvalley.com\\\/en\\\/#organization\"},\"potentialAction\":[{\"@type\":\"SearchAction\",\"target\":{\"@type\":\"EntryPoint\",\"urlTemplate\":\"https:\\\/\\\/geeksvalley.com\\\/en\\\/?s={search_term_string}\"},\"query-input\":{\"@type\":\"PropertyValueSpecification\",\"valueRequired\":true,\"valueName\":\"search_term_string\"}}],\"inLanguage\":\"en-US\"},{\"@type\":\"Organization\",\"@id\":\"https:\\\/\\\/geeksvalley.com\\\/en\\\/#organization\",\"name\":\"Geeks Valley\",\"url\":\"https:\\\/\\\/geeksvalley.com\\\/en\\\/\",\"logo\":{\"@type\":\"ImageObject\",\"inLanguage\":\"en-US\",\"@id\":\"https:\\\/\\\/geeksvalley.com\\\/en\\\/#\\\/schema\\\/logo\\\/image\\\/\",\"url\":\"https:\\\/\\\/geeksvalley.com\\\/wp-content\\\/uploads\\\/2015\\\/08\\\/gv.png\",\"contentUrl\":\"https:\\\/\\\/geeksvalley.com\\\/wp-content\\\/uploads\\\/2015\\\/08\\\/gv.png\",\"width\":70,\"height\":99,\"caption\":\"Geeks Valley\"},\"image\":{\"@id\":\"https:\\\/\\\/geeksvalley.com\\\/en\\\/#\\\/schema\\\/logo\\\/image\\\/\"},\"sameAs\":[\"https:\\\/\\\/www.facebook.com\\\/GeeksValley\",\"https:\\\/\\\/x.com\\\/geeks_valley\"]}]}<\/script>\n<meta property=\"og:availability\" content=\"instock\" \/>\n<meta property=\"product:availability\" content=\"instock\" \/>\n<meta property=\"product:retailer_item_id\" content=\"J-NC-IT-01\" \/>\n<meta property=\"product:condition\" content=\"new\" \/>\n<!-- \/ Yoast SEO Premium plugin. -->","yoast_head_json":{"title":"End Mill Radius Mill ECO | GeeksValley","description":"End Mill Radius Mill ECO is available as \u00f81 mm, \u00f82 mm and \u00f83 mm. GeeksValley End Mill Radius Mill ECO","robots":{"index":"index","follow":"follow","max-snippet":"max-snippet:-1","max-image-preview":"max-image-preview:large","max-video-preview":"max-video-preview:-1"},"canonical":"https:\/\/geeksvalley.com\/en\/product\/end-mill-radius-mill-eco\/","og_locale":"en_US","og_type":"article","og_title":"End Mill Radius Mill ECO","og_description":"End Mill Radius Mill ECO is available as \u00f81 mm, \u00f82 mm and \u00f83 mm. GeeksValley End Mill Radius Mill ECO","og_url":"https:\/\/geeksvalley.com\/en\/product\/end-mill-radius-mill-eco\/","og_site_name":"GeeksValley","article_publisher":"https:\/\/www.facebook.com\/GeeksValley","article_modified_time":"2021-03-18T11:17:09+00:00","og_image":[{"width":1200,"height":1200,"url":"https:\/\/geeksvalley.com\/wp-content\/uploads\/2019\/03\/end-mill-radius-mill-eco-1.jpg","type":"image\/jpeg"}],"twitter_card":"summary_large_image","twitter_site":"@geeks_valley","twitter_misc":{"Availability":"In stock"},"schema":{"@context":"https:\/\/schema.org","@graph":[{"@type":"WebPage","@id":"https:\/\/geeksvalley.com\/en\/product\/end-mill-radius-mill-eco\/","url":"https:\/\/geeksvalley.com\/en\/product\/end-mill-radius-mill-eco\/","name":"End Mill Radius Mill ECO | GeeksValley","isPartOf":{"@id":"https:\/\/geeksvalley.com\/en\/#website"},"primaryImageOfPage":{"@id":"https:\/\/geeksvalley.com\/en\/product\/end-mill-radius-mill-eco\/#primaryimage"},"image":{"@id":"https:\/\/geeksvalley.com\/en\/product\/end-mill-radius-mill-eco\/#primaryimage"},"thumbnailUrl":"https:\/\/geeksvalley.com\/wp-content\/uploads\/2019\/03\/end-mill-radius-mill-eco-1.jpg","datePublished":"2019-03-10T13:50:18+00:00","dateModified":"2021-03-18T11:17:09+00:00","description":"End Mill Radius Mill ECO is available as \u00f81 mm, \u00f82 mm and \u00f83 mm. GeeksValley End Mill Radius Mill ECO","breadcrumb":{"@id":"https:\/\/geeksvalley.com\/en\/product\/end-mill-radius-mill-eco\/#breadcrumb"},"inLanguage":"en-US","potentialAction":[{"@type":"ReadAction","target":["https:\/\/geeksvalley.com\/en\/product\/end-mill-radius-mill-eco\/"]}]},{"@type":"ImageObject","inLanguage":"en-US","@id":"https:\/\/geeksvalley.com\/en\/product\/end-mill-radius-mill-eco\/#primaryimage","url":"https:\/\/geeksvalley.com\/wp-content\/uploads\/2019\/03\/end-mill-radius-mill-eco-1.jpg","contentUrl":"https:\/\/geeksvalley.com\/wp-content\/uploads\/2019\/03\/end-mill-radius-mill-eco-1.jpg","width":1200,"height":1200},{"@type":"BreadcrumbList","@id":"https:\/\/geeksvalley.com\/en\/product\/end-mill-radius-mill-eco\/#breadcrumb","itemListElement":[{"@type":"ListItem","position":1,"name":"\u0627\u0644\u0631\u0626\u064a\u0633\u064a\u0629","item":"https:\/\/geeksvalley.com\/en\/"},{"@type":"ListItem","position":2,"name":"\u0627\u0644\u0645\u062a\u062c\u0631","item":"https:\/\/geeksvalley.com\/shop\/"},{"@type":"ListItem","position":3,"name":"End Mill Radius Mill ECO"}]},{"@type":"WebSite","@id":"https:\/\/geeksvalley.com\/en\/#website","url":"https:\/\/geeksvalley.com\/en\/","name":"GeeksValley","description":"","publisher":{"@id":"https:\/\/geeksvalley.com\/en\/#organization"},"potentialAction":[{"@type":"SearchAction","target":{"@type":"EntryPoint","urlTemplate":"https:\/\/geeksvalley.com\/en\/?s={search_term_string}"},"query-input":{"@type":"PropertyValueSpecification","valueRequired":true,"valueName":"search_term_string"}}],"inLanguage":"en-US"},{"@type":"Organization","@id":"https:\/\/geeksvalley.com\/en\/#organization","name":"Geeks Valley","url":"https:\/\/geeksvalley.com\/en\/","logo":{"@type":"ImageObject","inLanguage":"en-US","@id":"https:\/\/geeksvalley.com\/en\/#\/schema\/logo\/image\/","url":"https:\/\/geeksvalley.com\/wp-content\/uploads\/2015\/08\/gv.png","contentUrl":"https:\/\/geeksvalley.com\/wp-content\/uploads\/2015\/08\/gv.png","width":70,"height":99,"caption":"Geeks Valley"},"image":{"@id":"https:\/\/geeksvalley.com\/en\/#\/schema\/logo\/image\/"},"sameAs":["https:\/\/www.facebook.com\/GeeksValley","https:\/\/x.com\/geeks_valley"]}]},"og_availability":"instock","product_availability":"instock","product_retailer_item_id":"J-NC-IT-01","product_condition":"new"},"_links":{"self":[{"href":"https:\/\/geeksvalley.com\/en\/wp-json\/wp\/v2\/product\/26796","targetHints":{"allow":["GET"]}}],"collection":[{"href":"https:\/\/geeksvalley.com\/en\/wp-json\/wp\/v2\/product"}],"about":[{"href":"https:\/\/geeksvalley.com\/en\/wp-json\/wp\/v2\/types\/product"}],"replies":[{"embeddable":true,"href":"https:\/\/geeksvalley.com\/en\/wp-json\/wp\/v2\/comments?post=26796"}],"wp:featuredmedia":[{"embeddable":true,"href":"https:\/\/geeksvalley.com\/en\/wp-json\/wp\/v2\/media\/26802"}],"wp:attachment":[{"href":"https:\/\/geeksvalley.com\/en\/wp-json\/wp\/v2\/media?parent=26796"}],"wp:term":[{"taxonomy":"product_brand","embeddable":true,"href":"https:\/\/geeksvalley.com\/en\/wp-json\/wp\/v2\/product_brand?post=26796"},{"taxonomy":"product_cat","embeddable":true,"href":"https:\/\/geeksvalley.com\/en\/wp-json\/wp\/v2\/product_cat?post=26796"},{"taxonomy":"product_tag","embeddable":true,"href":"https:\/\/geeksvalley.com\/en\/wp-json\/wp\/v2\/product_tag?post=26796"}],"curies":[{"name":"wp","href":"https:\/\/api.w.org\/{rel}","templated":true}]}}