{"id":26809,"date":"2019-03-07T16:05:40","date_gmt":"2019-03-07T13:05:40","guid":{"rendered":"https:\/\/geeksvalley.com\/product\/end-mill-single-flute\/"},"modified":"2021-03-18T14:16:46","modified_gmt":"2021-03-18T11:16:46","slug":"end-mill-single-flute","status":"publish","type":"product","link":"https:\/\/geeksvalley.com\/en\/product\/end-mill-single-flute\/","title":{"rendered":"End Mill Single Flute"},"content":{"rendered":"<p><span style=\"font-weight: 400\">Available as \u00f8 1mm, \u00f8 2mm and \u00f83 mm.<\/span><\/p>\n<p style=\"font-weight: 400\">\nFor an optimal overview of all our end mills and the materials to be processed, please see\u00a0<a href=\"https:\/\/www.stepcraft-systems.com\/en\/cnc-accessories\/end-mills\">the table<\/a>\u00a0on our website.<\/p>\n<p><b><strong>Characteristics:<\/strong><\/b><\/p>\n<ul style=\"font-weight: 400\">\n<li>Industrial Quality<\/li>\n<li>Problem-free chip evacuation<\/li>\n<li>Low wear<\/li>\n<li>Clean surfaces<\/li>\n<\/ul>\n<p><b><strong>Applications:<br \/>\n<\/strong><\/b><\/p>\n<ul style=\"font-weight: 400\">\n<li>High quality contours<\/li>\n<li>As only one Flute, much space for chip evacuation<\/li>\n<li>Very good for softmaterials<\/li>\n<li>Soft plastics<\/li>\n<li>PE, Teflon, Plexiglass, Styrodur<\/li>\n<li>Soft Aluminium<\/li>\n<\/ul>\n<p><br style=\"font-weight: 400\" \/><b><strong>Technical Specifications:<br \/>\n<\/strong><\/b><\/p>\n<ul style=\"font-weight: 400\">\n<li>Solid Carbide-End<\/li>\n<li>Single-Flute<\/li>\n<li>Flat Bottom<\/li>\n<li>Upcut-spiral<\/li>\n<li>(Shank): 3,175mm (1\/8&#8243;)<\/li>\n<\/ul>\n","protected":false},"excerpt":{"rendered":"<p>End Mill Single Flute is <span style=\"font-weight: 400\">available as \u00f8 1mm, \u00f8 2mm and \u00f83 mm.<\/span><\/p>\n","protected":false},"featured_media":26811,"comment_status":"closed","ping_status":"closed","template":"","meta":{"_acf_changed":false,"_bbp_topic_count":0,"_bbp_reply_count":0,"_bbp_total_topic_count":0,"_bbp_total_reply_count":0,"_bbp_voice_count":0,"_bbp_anonymous_reply_count":0,"_bbp_topic_count_hidden":0,"_bbp_reply_count_hidden":0,"_bbp_forum_subforum_count":0},"product_brand":[],"product_cat":[13522],"product_tag":[],"class_list":{"0":"post-26809","1":"product","2":"type-product","3":"status-publish","4":"has-post-thumbnail","6":"product_cat-milling-cnc-accessories","7":"wri_manual_relationships-man_rel-26796-26809","8":"wri_manual_relationships-man_rel-26806-26809","9":"wri_manual_relationships-man_rel-26809-26825","10":"wri_manual_relationships-man_rel-26809-26990","11":"wri_manual_relationships-man_rel-26809-26997","12":"wri_manual_relationships-man_rel-26809-27004","13":"wri_manual_relationships-man_rel-26809-27009","14":"wri_manual_relationships-man_rel-26809-27017","15":"wri_manual_relationships-man_rel-26809-27025","16":"wri_manual_relationships-man_rel-26809-27051","17":"wri_manual_relationships-man_rel-6512-26809","19":"first","20":"instock","21":"taxable","22":"shipping-taxable","23":"purchasable","24":"product-type-variable"},"acf":[],"yoast_head":"<!-- This site is optimized with the Yoast SEO Premium plugin v20.9 (Yoast SEO v27.4) - https:\/\/yoast.com\/product\/yoast-seo-premium-wordpress\/ -->\n<title>End Mill Single Flute | GeeksValley<\/title>\n<meta name=\"description\" content=\"End Mill Single Flute is available as \u00f8 1mm, \u00f8 2mm and \u00f83 mm. GeeksValley End Mill Single Flute\" \/>\n<meta name=\"robots\" content=\"index, follow, max-snippet:-1, max-image-preview:large, max-video-preview:-1\" \/>\n<link rel=\"canonical\" href=\"https:\/\/geeksvalley.com\/en\/product\/end-mill-single-flute\/\" \/>\n<meta property=\"og:locale\" content=\"en_US\" \/>\n<meta property=\"og:type\" content=\"article\" \/>\n<meta property=\"og:title\" content=\"End Mill Single Flute\" \/>\n<meta property=\"og:description\" content=\"End Mill Single Flute is available as \u00f8 1mm, \u00f8 2mm and \u00f83 mm. GeeksValley End Mill Single Flute\" \/>\n<meta property=\"og:url\" content=\"https:\/\/geeksvalley.com\/en\/product\/end-mill-single-flute\/\" \/>\n<meta property=\"og:site_name\" content=\"GeeksValley\" \/>\n<meta property=\"article:publisher\" content=\"https:\/\/www.facebook.com\/GeeksValley\" \/>\n<meta property=\"article:modified_time\" content=\"2021-03-18T11:16:46+00:00\" \/>\n<meta property=\"og:image\" content=\"https:\/\/geeksvalley.com\/wp-content\/uploads\/2017\/01\/1-Flute.jpg\" \/>\n\t<meta property=\"og:image:width\" content=\"712\" \/>\n\t<meta property=\"og:image:height\" content=\"475\" \/>\n\t<meta property=\"og:image:type\" content=\"image\/jpeg\" \/>\n<meta name=\"twitter:card\" content=\"summary_large_image\" \/>\n<meta name=\"twitter:site\" content=\"@geeks_valley\" \/>\n<meta name=\"twitter:label1\" content=\"Availability\" \/>\n\t<meta name=\"twitter:data1\" content=\"In stock\" \/>\n<script type=\"application\/ld+json\" class=\"yoast-schema-graph\">{\"@context\":\"https:\\\/\\\/schema.org\",\"@graph\":[{\"@type\":\"WebPage\",\"@id\":\"https:\\\/\\\/geeksvalley.com\\\/en\\\/product\\\/end-mill-single-flute\\\/\",\"url\":\"https:\\\/\\\/geeksvalley.com\\\/en\\\/product\\\/end-mill-single-flute\\\/\",\"name\":\"End Mill Single Flute | GeeksValley\",\"isPartOf\":{\"@id\":\"https:\\\/\\\/geeksvalley.com\\\/en\\\/#website\"},\"primaryImageOfPage\":{\"@id\":\"https:\\\/\\\/geeksvalley.com\\\/en\\\/product\\\/end-mill-single-flute\\\/#primaryimage\"},\"image\":{\"@id\":\"https:\\\/\\\/geeksvalley.com\\\/en\\\/product\\\/end-mill-single-flute\\\/#primaryimage\"},\"thumbnailUrl\":\"https:\\\/\\\/geeksvalley.com\\\/wp-content\\\/uploads\\\/2017\\\/01\\\/1-Flute.jpg\",\"datePublished\":\"2019-03-07T13:05:40+00:00\",\"dateModified\":\"2021-03-18T11:16:46+00:00\",\"description\":\"End Mill Single Flute is available as \u00f8 1mm, \u00f8 2mm and \u00f83 mm. GeeksValley End Mill Single Flute\",\"breadcrumb\":{\"@id\":\"https:\\\/\\\/geeksvalley.com\\\/en\\\/product\\\/end-mill-single-flute\\\/#breadcrumb\"},\"inLanguage\":\"en-US\",\"potentialAction\":[{\"@type\":\"ReadAction\",\"target\":[\"https:\\\/\\\/geeksvalley.com\\\/en\\\/product\\\/end-mill-single-flute\\\/\"]}]},{\"@type\":\"ImageObject\",\"inLanguage\":\"en-US\",\"@id\":\"https:\\\/\\\/geeksvalley.com\\\/en\\\/product\\\/end-mill-single-flute\\\/#primaryimage\",\"url\":\"https:\\\/\\\/geeksvalley.com\\\/wp-content\\\/uploads\\\/2017\\\/01\\\/1-Flute.jpg\",\"contentUrl\":\"https:\\\/\\\/geeksvalley.com\\\/wp-content\\\/uploads\\\/2017\\\/01\\\/1-Flute.jpg\",\"width\":712,\"height\":475},{\"@type\":\"BreadcrumbList\",\"@id\":\"https:\\\/\\\/geeksvalley.com\\\/en\\\/product\\\/end-mill-single-flute\\\/#breadcrumb\",\"itemListElement\":[{\"@type\":\"ListItem\",\"position\":1,\"name\":\"\u0627\u0644\u0631\u0626\u064a\u0633\u064a\u0629\",\"item\":\"https:\\\/\\\/geeksvalley.com\\\/en\\\/\"},{\"@type\":\"ListItem\",\"position\":2,\"name\":\"\u0627\u0644\u0645\u062a\u062c\u0631\",\"item\":\"https:\\\/\\\/geeksvalley.com\\\/shop\\\/\"},{\"@type\":\"ListItem\",\"position\":3,\"name\":\"End Mill Single Flute\"}]},{\"@type\":\"WebSite\",\"@id\":\"https:\\\/\\\/geeksvalley.com\\\/en\\\/#website\",\"url\":\"https:\\\/\\\/geeksvalley.com\\\/en\\\/\",\"name\":\"GeeksValley\",\"description\":\"\",\"publisher\":{\"@id\":\"https:\\\/\\\/geeksvalley.com\\\/en\\\/#organization\"},\"potentialAction\":[{\"@type\":\"SearchAction\",\"target\":{\"@type\":\"EntryPoint\",\"urlTemplate\":\"https:\\\/\\\/geeksvalley.com\\\/en\\\/?s={search_term_string}\"},\"query-input\":{\"@type\":\"PropertyValueSpecification\",\"valueRequired\":true,\"valueName\":\"search_term_string\"}}],\"inLanguage\":\"en-US\"},{\"@type\":\"Organization\",\"@id\":\"https:\\\/\\\/geeksvalley.com\\\/en\\\/#organization\",\"name\":\"Geeks Valley\",\"url\":\"https:\\\/\\\/geeksvalley.com\\\/en\\\/\",\"logo\":{\"@type\":\"ImageObject\",\"inLanguage\":\"en-US\",\"@id\":\"https:\\\/\\\/geeksvalley.com\\\/en\\\/#\\\/schema\\\/logo\\\/image\\\/\",\"url\":\"https:\\\/\\\/geeksvalley.com\\\/wp-content\\\/uploads\\\/2015\\\/08\\\/gv.png\",\"contentUrl\":\"https:\\\/\\\/geeksvalley.com\\\/wp-content\\\/uploads\\\/2015\\\/08\\\/gv.png\",\"width\":70,\"height\":99,\"caption\":\"Geeks Valley\"},\"image\":{\"@id\":\"https:\\\/\\\/geeksvalley.com\\\/en\\\/#\\\/schema\\\/logo\\\/image\\\/\"},\"sameAs\":[\"https:\\\/\\\/www.facebook.com\\\/GeeksValley\",\"https:\\\/\\\/x.com\\\/geeks_valley\"]}]}<\/script>\n<meta property=\"og:availability\" content=\"instock\" \/>\n<meta property=\"product:availability\" content=\"instock\" \/>\n<meta property=\"product:retailer_item_id\" content=\"J-NC-IT-03\" \/>\n<meta property=\"product:condition\" content=\"new\" \/>\n<!-- \/ Yoast SEO Premium plugin. -->","yoast_head_json":{"title":"End Mill Single Flute | GeeksValley","description":"End Mill Single Flute is available as \u00f8 1mm, \u00f8 2mm and \u00f83 mm. GeeksValley End Mill Single Flute","robots":{"index":"index","follow":"follow","max-snippet":"max-snippet:-1","max-image-preview":"max-image-preview:large","max-video-preview":"max-video-preview:-1"},"canonical":"https:\/\/geeksvalley.com\/en\/product\/end-mill-single-flute\/","og_locale":"en_US","og_type":"article","og_title":"End Mill Single Flute","og_description":"End Mill Single Flute is available as \u00f8 1mm, \u00f8 2mm and \u00f83 mm. GeeksValley End Mill Single Flute","og_url":"https:\/\/geeksvalley.com\/en\/product\/end-mill-single-flute\/","og_site_name":"GeeksValley","article_publisher":"https:\/\/www.facebook.com\/GeeksValley","article_modified_time":"2021-03-18T11:16:46+00:00","og_image":[{"width":712,"height":475,"url":"https:\/\/geeksvalley.com\/wp-content\/uploads\/2017\/01\/1-Flute.jpg","type":"image\/jpeg"}],"twitter_card":"summary_large_image","twitter_site":"@geeks_valley","twitter_misc":{"Availability":"In stock"},"schema":{"@context":"https:\/\/schema.org","@graph":[{"@type":"WebPage","@id":"https:\/\/geeksvalley.com\/en\/product\/end-mill-single-flute\/","url":"https:\/\/geeksvalley.com\/en\/product\/end-mill-single-flute\/","name":"End Mill Single Flute | GeeksValley","isPartOf":{"@id":"https:\/\/geeksvalley.com\/en\/#website"},"primaryImageOfPage":{"@id":"https:\/\/geeksvalley.com\/en\/product\/end-mill-single-flute\/#primaryimage"},"image":{"@id":"https:\/\/geeksvalley.com\/en\/product\/end-mill-single-flute\/#primaryimage"},"thumbnailUrl":"https:\/\/geeksvalley.com\/wp-content\/uploads\/2017\/01\/1-Flute.jpg","datePublished":"2019-03-07T13:05:40+00:00","dateModified":"2021-03-18T11:16:46+00:00","description":"End Mill Single Flute is available as \u00f8 1mm, \u00f8 2mm and \u00f83 mm. GeeksValley End Mill Single Flute","breadcrumb":{"@id":"https:\/\/geeksvalley.com\/en\/product\/end-mill-single-flute\/#breadcrumb"},"inLanguage":"en-US","potentialAction":[{"@type":"ReadAction","target":["https:\/\/geeksvalley.com\/en\/product\/end-mill-single-flute\/"]}]},{"@type":"ImageObject","inLanguage":"en-US","@id":"https:\/\/geeksvalley.com\/en\/product\/end-mill-single-flute\/#primaryimage","url":"https:\/\/geeksvalley.com\/wp-content\/uploads\/2017\/01\/1-Flute.jpg","contentUrl":"https:\/\/geeksvalley.com\/wp-content\/uploads\/2017\/01\/1-Flute.jpg","width":712,"height":475},{"@type":"BreadcrumbList","@id":"https:\/\/geeksvalley.com\/en\/product\/end-mill-single-flute\/#breadcrumb","itemListElement":[{"@type":"ListItem","position":1,"name":"\u0627\u0644\u0631\u0626\u064a\u0633\u064a\u0629","item":"https:\/\/geeksvalley.com\/en\/"},{"@type":"ListItem","position":2,"name":"\u0627\u0644\u0645\u062a\u062c\u0631","item":"https:\/\/geeksvalley.com\/shop\/"},{"@type":"ListItem","position":3,"name":"End Mill Single Flute"}]},{"@type":"WebSite","@id":"https:\/\/geeksvalley.com\/en\/#website","url":"https:\/\/geeksvalley.com\/en\/","name":"GeeksValley","description":"","publisher":{"@id":"https:\/\/geeksvalley.com\/en\/#organization"},"potentialAction":[{"@type":"SearchAction","target":{"@type":"EntryPoint","urlTemplate":"https:\/\/geeksvalley.com\/en\/?s={search_term_string}"},"query-input":{"@type":"PropertyValueSpecification","valueRequired":true,"valueName":"search_term_string"}}],"inLanguage":"en-US"},{"@type":"Organization","@id":"https:\/\/geeksvalley.com\/en\/#organization","name":"Geeks Valley","url":"https:\/\/geeksvalley.com\/en\/","logo":{"@type":"ImageObject","inLanguage":"en-US","@id":"https:\/\/geeksvalley.com\/en\/#\/schema\/logo\/image\/","url":"https:\/\/geeksvalley.com\/wp-content\/uploads\/2015\/08\/gv.png","contentUrl":"https:\/\/geeksvalley.com\/wp-content\/uploads\/2015\/08\/gv.png","width":70,"height":99,"caption":"Geeks Valley"},"image":{"@id":"https:\/\/geeksvalley.com\/en\/#\/schema\/logo\/image\/"},"sameAs":["https:\/\/www.facebook.com\/GeeksValley","https:\/\/x.com\/geeks_valley"]}]},"og_availability":"instock","product_availability":"instock","product_retailer_item_id":"J-NC-IT-03","product_condition":"new"},"_links":{"self":[{"href":"https:\/\/geeksvalley.com\/en\/wp-json\/wp\/v2\/product\/26809","targetHints":{"allow":["GET"]}}],"collection":[{"href":"https:\/\/geeksvalley.com\/en\/wp-json\/wp\/v2\/product"}],"about":[{"href":"https:\/\/geeksvalley.com\/en\/wp-json\/wp\/v2\/types\/product"}],"replies":[{"embeddable":true,"href":"https:\/\/geeksvalley.com\/en\/wp-json\/wp\/v2\/comments?post=26809"}],"wp:featuredmedia":[{"embeddable":true,"href":"https:\/\/geeksvalley.com\/en\/wp-json\/wp\/v2\/media\/26811"}],"wp:attachment":[{"href":"https:\/\/geeksvalley.com\/en\/wp-json\/wp\/v2\/media?parent=26809"}],"wp:term":[{"taxonomy":"product_brand","embeddable":true,"href":"https:\/\/geeksvalley.com\/en\/wp-json\/wp\/v2\/product_brand?post=26809"},{"taxonomy":"product_cat","embeddable":true,"href":"https:\/\/geeksvalley.com\/en\/wp-json\/wp\/v2\/product_cat?post=26809"},{"taxonomy":"product_tag","embeddable":true,"href":"https:\/\/geeksvalley.com\/en\/wp-json\/wp\/v2\/product_tag?post=26809"}],"curies":[{"name":"wp","href":"https:\/\/api.w.org\/{rel}","templated":true}]}}