{"id":27017,"date":"2017-04-27T14:00:13","date_gmt":"2017-04-27T11:00:13","guid":{"rendered":"https:\/\/geeksvalley.com\/product\/2-flute-fish-upcut-spiral\/"},"modified":"2021-03-18T15:41:16","modified_gmt":"2021-03-18T12:41:16","slug":"2-flute-fish-upcut-spiral","status":"publish","type":"product","link":"https:\/\/geeksvalley.com\/en\/product\/2-flute-fish-upcut-spiral\/","title":{"rendered":"2-Flute Fish (upcut spiral)"},"content":{"rendered":"<p>Available as \u00f81mm, \u00f82mm, \u00f83mm<\/p>\n<p style=\"text-align: left\"><strong>Technical Specifications<\/strong><\/p>\n<p style=\"text-align: left\">&#8211; Solid Carbide<br \/>\n&#8211; Double-Flute<br \/>\n&#8211; Fishtail Bottom<br \/>\n&#8211; Upcut-spiral<br \/>\n&#8211; (Shank): 3,175mm (1\/8&#8243;)<\/p>\n<p style=\"text-align: left\"><strong>Characteristics<\/strong><\/p>\n<p style=\"text-align: left\">&#8211; Industrial Quality<br \/>\n&#8211; Through Fishtail Bottom easy dive into material<br \/>\n&#8211; Low wear<br \/>\n&#8211; Clean surfaces<\/p>\n<p style=\"text-align: left\"><strong>Applications<\/strong><\/p>\n<p style=\"text-align: left\">&#8211; universally applicable<br \/>\n&#8211; Aluminum<br \/>\n&#8211; Plastics<br \/>\n&#8211; Wood<\/p>\n<p style=\"text-align: left\">\n","protected":false},"excerpt":{"rendered":"<p>2-Flute Fish (upcut spiral) is available as \u00f81mm, \u00f82mm, \u00f83mm.<\/p>\n","protected":false},"featured_media":27019,"comment_status":"closed","ping_status":"closed","template":"","meta":{"_acf_changed":false,"_bbp_topic_count":0,"_bbp_reply_count":0,"_bbp_total_topic_count":0,"_bbp_total_reply_count":0,"_bbp_voice_count":0,"_bbp_anonymous_reply_count":0,"_bbp_topic_count_hidden":0,"_bbp_reply_count_hidden":0,"_bbp_forum_subforum_count":0},"product_brand":[],"product_cat":[13522,13592],"product_tag":[],"class_list":{"0":"post-27017","1":"product","2":"type-product","3":"status-publish","4":"has-post-thumbnail","6":"product_cat-milling-cnc-accessories","7":"product_cat-other-products","8":"wri_manual_relationships-man_rel-26796-27017","9":"wri_manual_relationships-man_rel-26806-27017","10":"wri_manual_relationships-man_rel-26809-27017","11":"wri_manual_relationships-man_rel-26825-27017","12":"wri_manual_relationships-man_rel-26990-27017","13":"wri_manual_relationships-man_rel-27004-27017","15":"first","16":"outofstock","17":"taxable","18":"shipping-taxable","19":"purchasable","20":"product-type-variable"},"acf":[],"yoast_head":"<!-- This site is optimized with the Yoast SEO Premium plugin v20.9 (Yoast SEO v27.4) - https:\/\/yoast.com\/product\/yoast-seo-premium-wordpress\/ -->\n<title>2-Flute Fish (upcut spiral) | GeeksValley<\/title>\n<meta name=\"description\" content=\"2-Flute Fish (upcut spiral) is available as \u00f81mm, \u00f82mm, \u00f83mm. GeeksValley 2-Flute Fish (upcut spiral)\" \/>\n<meta name=\"robots\" content=\"index, follow, max-snippet:-1, max-image-preview:large, max-video-preview:-1\" \/>\n<link rel=\"canonical\" href=\"https:\/\/geeksvalley.com\/en\/product\/2-flute-fish-upcut-spiral\/\" \/>\n<meta property=\"og:locale\" content=\"en_US\" \/>\n<meta property=\"og:type\" content=\"article\" \/>\n<meta property=\"og:title\" content=\"2-Flute Fish (upcut spiral)\" \/>\n<meta property=\"og:description\" content=\"2-Flute Fish (upcut spiral) is available as \u00f81mm, \u00f82mm, \u00f83mm. GeeksValley 2-Flute Fish (upcut spiral)\" \/>\n<meta property=\"og:url\" content=\"https:\/\/geeksvalley.com\/en\/product\/2-flute-fish-upcut-spiral\/\" \/>\n<meta property=\"og:site_name\" content=\"GeeksValley\" \/>\n<meta property=\"article:publisher\" content=\"https:\/\/www.facebook.com\/GeeksValley\" \/>\n<meta property=\"article:modified_time\" content=\"2021-03-18T12:41:16+00:00\" \/>\n<meta property=\"og:image\" content=\"https:\/\/geeksvalley.com\/wp-content\/uploads\/2017\/01\/2-flute-fish-upcut-3.jpg\" \/>\n\t<meta property=\"og:image:width\" content=\"712\" \/>\n\t<meta property=\"og:image:height\" content=\"475\" \/>\n\t<meta property=\"og:image:type\" content=\"image\/jpeg\" \/>\n<meta name=\"twitter:card\" content=\"summary_large_image\" \/>\n<meta name=\"twitter:site\" content=\"@geeks_valley\" \/>\n<meta name=\"twitter:label1\" content=\"Availability\" \/>\n\t<meta name=\"twitter:data1\" content=\"Out of stock\" \/>\n<script type=\"application\/ld+json\" class=\"yoast-schema-graph\">{\"@context\":\"https:\\\/\\\/schema.org\",\"@graph\":[{\"@type\":\"WebPage\",\"@id\":\"https:\\\/\\\/geeksvalley.com\\\/en\\\/product\\\/2-flute-fish-upcut-spiral\\\/\",\"url\":\"https:\\\/\\\/geeksvalley.com\\\/en\\\/product\\\/2-flute-fish-upcut-spiral\\\/\",\"name\":\"2-Flute Fish (upcut spiral) | GeeksValley\",\"isPartOf\":{\"@id\":\"https:\\\/\\\/geeksvalley.com\\\/en\\\/#website\"},\"primaryImageOfPage\":{\"@id\":\"https:\\\/\\\/geeksvalley.com\\\/en\\\/product\\\/2-flute-fish-upcut-spiral\\\/#primaryimage\"},\"image\":{\"@id\":\"https:\\\/\\\/geeksvalley.com\\\/en\\\/product\\\/2-flute-fish-upcut-spiral\\\/#primaryimage\"},\"thumbnailUrl\":\"https:\\\/\\\/geeksvalley.com\\\/wp-content\\\/uploads\\\/2017\\\/01\\\/2-flute-fish-upcut-3.jpg\",\"datePublished\":\"2017-04-27T11:00:13+00:00\",\"dateModified\":\"2021-03-18T12:41:16+00:00\",\"description\":\"2-Flute Fish (upcut spiral) is available as \u00f81mm, \u00f82mm, \u00f83mm. GeeksValley 2-Flute Fish (upcut spiral)\",\"breadcrumb\":{\"@id\":\"https:\\\/\\\/geeksvalley.com\\\/en\\\/product\\\/2-flute-fish-upcut-spiral\\\/#breadcrumb\"},\"inLanguage\":\"en-US\",\"potentialAction\":[{\"@type\":\"ReadAction\",\"target\":[\"https:\\\/\\\/geeksvalley.com\\\/en\\\/product\\\/2-flute-fish-upcut-spiral\\\/\"]}]},{\"@type\":\"ImageObject\",\"inLanguage\":\"en-US\",\"@id\":\"https:\\\/\\\/geeksvalley.com\\\/en\\\/product\\\/2-flute-fish-upcut-spiral\\\/#primaryimage\",\"url\":\"https:\\\/\\\/geeksvalley.com\\\/wp-content\\\/uploads\\\/2017\\\/01\\\/2-flute-fish-upcut-3.jpg\",\"contentUrl\":\"https:\\\/\\\/geeksvalley.com\\\/wp-content\\\/uploads\\\/2017\\\/01\\\/2-flute-fish-upcut-3.jpg\",\"width\":712,\"height\":475},{\"@type\":\"BreadcrumbList\",\"@id\":\"https:\\\/\\\/geeksvalley.com\\\/en\\\/product\\\/2-flute-fish-upcut-spiral\\\/#breadcrumb\",\"itemListElement\":[{\"@type\":\"ListItem\",\"position\":1,\"name\":\"\u0627\u0644\u0631\u0626\u064a\u0633\u064a\u0629\",\"item\":\"https:\\\/\\\/geeksvalley.com\\\/en\\\/\"},{\"@type\":\"ListItem\",\"position\":2,\"name\":\"\u0627\u0644\u0645\u062a\u062c\u0631\",\"item\":\"https:\\\/\\\/geeksvalley.com\\\/shop\\\/\"},{\"@type\":\"ListItem\",\"position\":3,\"name\":\"2-Flute Fish (upcut spiral)\"}]},{\"@type\":\"WebSite\",\"@id\":\"https:\\\/\\\/geeksvalley.com\\\/en\\\/#website\",\"url\":\"https:\\\/\\\/geeksvalley.com\\\/en\\\/\",\"name\":\"GeeksValley\",\"description\":\"\",\"publisher\":{\"@id\":\"https:\\\/\\\/geeksvalley.com\\\/en\\\/#organization\"},\"potentialAction\":[{\"@type\":\"SearchAction\",\"target\":{\"@type\":\"EntryPoint\",\"urlTemplate\":\"https:\\\/\\\/geeksvalley.com\\\/en\\\/?s={search_term_string}\"},\"query-input\":{\"@type\":\"PropertyValueSpecification\",\"valueRequired\":true,\"valueName\":\"search_term_string\"}}],\"inLanguage\":\"en-US\"},{\"@type\":\"Organization\",\"@id\":\"https:\\\/\\\/geeksvalley.com\\\/en\\\/#organization\",\"name\":\"Geeks Valley\",\"url\":\"https:\\\/\\\/geeksvalley.com\\\/en\\\/\",\"logo\":{\"@type\":\"ImageObject\",\"inLanguage\":\"en-US\",\"@id\":\"https:\\\/\\\/geeksvalley.com\\\/en\\\/#\\\/schema\\\/logo\\\/image\\\/\",\"url\":\"https:\\\/\\\/geeksvalley.com\\\/wp-content\\\/uploads\\\/2015\\\/08\\\/gv.png\",\"contentUrl\":\"https:\\\/\\\/geeksvalley.com\\\/wp-content\\\/uploads\\\/2015\\\/08\\\/gv.png\",\"width\":70,\"height\":99,\"caption\":\"Geeks Valley\"},\"image\":{\"@id\":\"https:\\\/\\\/geeksvalley.com\\\/en\\\/#\\\/schema\\\/logo\\\/image\\\/\"},\"sameAs\":[\"https:\\\/\\\/www.facebook.com\\\/GeeksValley\",\"https:\\\/\\\/x.com\\\/geeks_valley\"]}]}<\/script>\n<meta property=\"og:availability\" content=\"out of stock\" \/>\n<meta property=\"product:availability\" content=\"out of stock\" \/>\n<meta property=\"product:retailer_item_id\" content=\"J-NC-IT-09\" \/>\n<meta property=\"product:condition\" content=\"new\" \/>\n<!-- \/ Yoast SEO Premium plugin. -->","yoast_head_json":{"title":"2-Flute Fish (upcut spiral) | GeeksValley","description":"2-Flute Fish (upcut spiral) is available as \u00f81mm, \u00f82mm, \u00f83mm. GeeksValley 2-Flute Fish (upcut spiral)","robots":{"index":"index","follow":"follow","max-snippet":"max-snippet:-1","max-image-preview":"max-image-preview:large","max-video-preview":"max-video-preview:-1"},"canonical":"https:\/\/geeksvalley.com\/en\/product\/2-flute-fish-upcut-spiral\/","og_locale":"en_US","og_type":"article","og_title":"2-Flute Fish (upcut spiral)","og_description":"2-Flute Fish (upcut spiral) is available as \u00f81mm, \u00f82mm, \u00f83mm. GeeksValley 2-Flute Fish (upcut spiral)","og_url":"https:\/\/geeksvalley.com\/en\/product\/2-flute-fish-upcut-spiral\/","og_site_name":"GeeksValley","article_publisher":"https:\/\/www.facebook.com\/GeeksValley","article_modified_time":"2021-03-18T12:41:16+00:00","og_image":[{"width":712,"height":475,"url":"https:\/\/geeksvalley.com\/wp-content\/uploads\/2017\/01\/2-flute-fish-upcut-3.jpg","type":"image\/jpeg"}],"twitter_card":"summary_large_image","twitter_site":"@geeks_valley","twitter_misc":{"Availability":"Out of stock"},"schema":{"@context":"https:\/\/schema.org","@graph":[{"@type":"WebPage","@id":"https:\/\/geeksvalley.com\/en\/product\/2-flute-fish-upcut-spiral\/","url":"https:\/\/geeksvalley.com\/en\/product\/2-flute-fish-upcut-spiral\/","name":"2-Flute Fish (upcut spiral) | GeeksValley","isPartOf":{"@id":"https:\/\/geeksvalley.com\/en\/#website"},"primaryImageOfPage":{"@id":"https:\/\/geeksvalley.com\/en\/product\/2-flute-fish-upcut-spiral\/#primaryimage"},"image":{"@id":"https:\/\/geeksvalley.com\/en\/product\/2-flute-fish-upcut-spiral\/#primaryimage"},"thumbnailUrl":"https:\/\/geeksvalley.com\/wp-content\/uploads\/2017\/01\/2-flute-fish-upcut-3.jpg","datePublished":"2017-04-27T11:00:13+00:00","dateModified":"2021-03-18T12:41:16+00:00","description":"2-Flute Fish (upcut spiral) is available as \u00f81mm, \u00f82mm, \u00f83mm. GeeksValley 2-Flute Fish (upcut spiral)","breadcrumb":{"@id":"https:\/\/geeksvalley.com\/en\/product\/2-flute-fish-upcut-spiral\/#breadcrumb"},"inLanguage":"en-US","potentialAction":[{"@type":"ReadAction","target":["https:\/\/geeksvalley.com\/en\/product\/2-flute-fish-upcut-spiral\/"]}]},{"@type":"ImageObject","inLanguage":"en-US","@id":"https:\/\/geeksvalley.com\/en\/product\/2-flute-fish-upcut-spiral\/#primaryimage","url":"https:\/\/geeksvalley.com\/wp-content\/uploads\/2017\/01\/2-flute-fish-upcut-3.jpg","contentUrl":"https:\/\/geeksvalley.com\/wp-content\/uploads\/2017\/01\/2-flute-fish-upcut-3.jpg","width":712,"height":475},{"@type":"BreadcrumbList","@id":"https:\/\/geeksvalley.com\/en\/product\/2-flute-fish-upcut-spiral\/#breadcrumb","itemListElement":[{"@type":"ListItem","position":1,"name":"\u0627\u0644\u0631\u0626\u064a\u0633\u064a\u0629","item":"https:\/\/geeksvalley.com\/en\/"},{"@type":"ListItem","position":2,"name":"\u0627\u0644\u0645\u062a\u062c\u0631","item":"https:\/\/geeksvalley.com\/shop\/"},{"@type":"ListItem","position":3,"name":"2-Flute Fish (upcut spiral)"}]},{"@type":"WebSite","@id":"https:\/\/geeksvalley.com\/en\/#website","url":"https:\/\/geeksvalley.com\/en\/","name":"GeeksValley","description":"","publisher":{"@id":"https:\/\/geeksvalley.com\/en\/#organization"},"potentialAction":[{"@type":"SearchAction","target":{"@type":"EntryPoint","urlTemplate":"https:\/\/geeksvalley.com\/en\/?s={search_term_string}"},"query-input":{"@type":"PropertyValueSpecification","valueRequired":true,"valueName":"search_term_string"}}],"inLanguage":"en-US"},{"@type":"Organization","@id":"https:\/\/geeksvalley.com\/en\/#organization","name":"Geeks Valley","url":"https:\/\/geeksvalley.com\/en\/","logo":{"@type":"ImageObject","inLanguage":"en-US","@id":"https:\/\/geeksvalley.com\/en\/#\/schema\/logo\/image\/","url":"https:\/\/geeksvalley.com\/wp-content\/uploads\/2015\/08\/gv.png","contentUrl":"https:\/\/geeksvalley.com\/wp-content\/uploads\/2015\/08\/gv.png","width":70,"height":99,"caption":"Geeks Valley"},"image":{"@id":"https:\/\/geeksvalley.com\/en\/#\/schema\/logo\/image\/"},"sameAs":["https:\/\/www.facebook.com\/GeeksValley","https:\/\/x.com\/geeks_valley"]}]},"og_availability":"out of stock","product_availability":"out of stock","product_retailer_item_id":"J-NC-IT-09","product_condition":"new"},"_links":{"self":[{"href":"https:\/\/geeksvalley.com\/en\/wp-json\/wp\/v2\/product\/27017","targetHints":{"allow":["GET"]}}],"collection":[{"href":"https:\/\/geeksvalley.com\/en\/wp-json\/wp\/v2\/product"}],"about":[{"href":"https:\/\/geeksvalley.com\/en\/wp-json\/wp\/v2\/types\/product"}],"replies":[{"embeddable":true,"href":"https:\/\/geeksvalley.com\/en\/wp-json\/wp\/v2\/comments?post=27017"}],"wp:featuredmedia":[{"embeddable":true,"href":"https:\/\/geeksvalley.com\/en\/wp-json\/wp\/v2\/media\/27019"}],"wp:attachment":[{"href":"https:\/\/geeksvalley.com\/en\/wp-json\/wp\/v2\/media?parent=27017"}],"wp:term":[{"taxonomy":"product_brand","embeddable":true,"href":"https:\/\/geeksvalley.com\/en\/wp-json\/wp\/v2\/product_brand?post=27017"},{"taxonomy":"product_cat","embeddable":true,"href":"https:\/\/geeksvalley.com\/en\/wp-json\/wp\/v2\/product_cat?post=27017"},{"taxonomy":"product_tag","embeddable":true,"href":"https:\/\/geeksvalley.com\/en\/wp-json\/wp\/v2\/product_tag?post=27017"}],"curies":[{"name":"wp","href":"https:\/\/api.w.org\/{rel}","templated":true}]}}